{"id":5628,"date":"2022-11-03T10:09:01","date_gmt":"2022-11-03T08:09:01","guid":{"rendered":"https:\/?post_type=product&#038;p=5628"},"modified":"2025-09-28T19:15:07","modified_gmt":"2025-09-28T16:15:07","slug":"domekt-r-400-v-n-rekuperatoriaus-filtras-f7-1054682","status":"publish","type":"product","link":"https:\/\/filtruprenumerata.lt\/et\/produktas\/domekt-r-400-v-n-rekuperatoriaus-filtras-f7-1054682\/","title":{"rendered":"Filtras Komfovent Domekt R 400 V rekuperatoriui (nuo 2020-10) &#8220;F7&#8221;"},"content":{"rendered":"<h2><strong>Filtras Komfovent Domekt R 400 V rekuperatoriui (nuo 2020-10) &#8220;F7&#8221; &#8211; jautriems ir alergi\u0161kiems<\/strong><\/h2>\n<h3>Sulaiko pa\u010dias ma\u017eiausias dulkes ir \u017eiedadulkes &#8211; tinkamiausias pavasar\u012f ir vasar\u0105<\/h3>\n<p>&nbsp;<\/p>\n<h4><strong>Tinka \u0161i\u0173 modeli\u0173 rekuperatoriams:<\/strong><\/h4>\n<ul>\n<li>Komfovent Domekt <strong>R 400 V<span style=\"color: #ff0000;\"> (nuo 2020-10 gamybos)<\/span><\/strong><\/li>\n<\/ul>\n<p>&nbsp;<\/p>\n<h4><strong>Filtro matmenys:<\/strong><\/h4>\n<ul>\n<li>428x231x46 mm<\/li>\n<\/ul>\n<p>&nbsp;<\/p>\n<p>Netinka \u0161alinamam orui filtruoti! \u0160alinamojo oro filtr\u0105 u\u017esisakykite <strong><a href=\"\/produktas\/domekt-r-400-v-n-rekuperatoriaus-filtras-m5-1053959\/\">\u010dia<\/a><\/strong>.<\/p>\n<p>Rekomenduojame i\u0161 karto keisti abu rekuperatoriaus filtrus. <strong>Komplekt\u0105 \u012fsigyti pigiau! <\/strong>Pasirinkite:<\/p>\n<p><a class=\"btnklb 25489512 klb_06aed5 klb_ffffff klb_06aed5 btn-big \" style=\"color: #06aed5; background-color: rgba(240,200,8,0.01); border: 2px solid #06aed5;\" title=\"Taip pat rekomenduojame\" href=\"\/produktas\/domekt-r-400-v-n-rekuperatoriaus-filtru-komplektas-f7m5\/\" target=\" _blank\" rel=\"noopener noreferrer\">Filtr\u0173 komplektas Komfovent Domekt R 400 V rekuperatoriui (nuo 2020-10) &#8220;F7+M5&#8221; \u2013 jautriems ir alergi\u0161kiems<\/a><\/p>\n<p><a class=\"btnklb 25489512 klb_06aed5 klb_ffffff klb_06aed5 btn-big \" style=\"color: #06aed5; background-color: rgba(240,200,8,0.01); border: 2px solid #06aed5;\" title=\"Taip pat rekomenduojame\" href=\"\/produktas\/domekt-r-400-v-n-rekuperatoriaus-filtru-komplektas-m5m5\/\" target=\" _blank\" rel=\"noopener noreferrer\">Filtr\u0173 komplektas Komfovent Domekt R 400 V rekuperatoriui (nuo 2020-10) M5+M5&#8243; \u2013 kasdienei nam\u0173 apsaugai<\/a><\/p>\n<p>&nbsp;<\/p>\n<table style=\"height: 108px;\" width=\"892\">\n<tbody>\n<tr>\n<td colspan=\"3\" width=\"587\"><strong>Filtravimo klas\u0117:<\/strong><\/td>\n<\/tr>\n<tr>\n<td>EN 779:2012<\/td>\n<td>ISO 16890<\/td>\n<td><\/td>\n<\/tr>\n<tr>\n<td>F7<\/td>\n<td>EPM1 70%<\/td>\n<td>0,3-1,0 \u03bcm skersmens daleli\u0173 sulaikymas 70% efektyvumu<\/td>\n<\/tr>\n<\/tbody>\n<\/table>\n<p>&nbsp;<\/p>\n<p>F7 klas\u0117s filtr\u0105 rekomenduojame keisti ne re\u010diau kaip kas 4 m\u0117nesius.<\/p>\n<p>&nbsp;<\/p>\n<p><strong>Svarbi informacija apie filtr\u0173 keitim\u0105:<\/strong><\/p>\n<ul>\n<li>Rekuperatoriaus filtrus b\u016btina keisti, kai \u012frenginio indikatoriai prane\u0161a apie oro filtro u\u017esiter\u0161im\u0105. Rekomenduojama keisti ma\u017eiausiai 2 kartus per metus: prie\u0161 \u0161ildymo sezon\u0105 ir po jo, arba da\u017eniau, priklausomai nuo aplinkos, kurioje gyvenate, u\u017eter\u0161tumo ir v\u0117dinimo \u012frenginio naudojimo intensyvumo.<\/li>\n<li>Rekuperatoriaus filtras &#8211; vienkartinis gaminys, nerekomenduojama jo pakartotinai naudoti i\u0161siurbus, i\u0161pur\u010dius ar kitaip i\u0161valius.<\/li>\n<li>Prie\u0161 kei\u010diant filtrus rekomenduojama v\u0117dinimo \u012frengin\u012f i\u0161jungti, taip j\u012f apsaugant nuo dulki\u0173 ir kit\u0173 nepageidaujam\u0173 objekt\u0173 \u012ftraukimo.<\/li>\n<li>Kei\u010diant filtrus rekomenduojama i\u0161valyti ir filtr\u0173 montavimo sekcij\u0105.<\/li>\n<li>U\u017esiter\u0161\u0119 filtrai i\u0161balansuoja J\u016bs\u0173 v\u0117dinimo sistem\u0105, \u012frenginys naudoja daugiau energijos, skleid\u017eia didesn\u012f triuk\u0161m\u0105!<\/li>\n<\/ul>\n<p>&nbsp;<\/p>\n<p>Informacij\u0105, kaip pakeisti Komfovent Domekt R 400 V rekuperatoriaus filtr\u0105 rasite v\u0117dinimo \u012frenginio <a href=\"https:\/\/www.komfovent.lt\/lt\/\">gamintojo svetain\u0117je<\/a>.<\/p>\n<p>&nbsp;<\/p>\n<p><strong>Oro filtro konstrukcija:<\/strong><\/p>\n<ul>\n<li><strong>Filtro r\u0117melis<\/strong> pagamintas i\u0161 impregnuoto, dr\u0117gmei atsparaus kartono.<\/li>\n<li><strong>Naujo tipo gofravimo principas, <\/strong>ta\u0161kiniu b\u016bdu suklijuojant klostes tarpusavyje, u\u017etikrina kiek \u012fmanoma ma\u017eesn\u012f pasiprie\u0161inim\u0105 oro srautui ir didel\u012f dulkes sulaikan\u010dios filtruojan\u010dios med\u017eiagos plot\u0105.<\/li>\n<li><strong>Filtruojanti med\u017eiaga<\/strong> visomis keturiomis kra\u0161tin\u0117mis \u012fklijuota \u012f r\u0117mel\u012f, taip u\u017etikrinant, kad dulk\u0117s nepateks \u012f patalp\u0105 per filtro nesandarumus.<\/li>\n<li><strong>Filtruojan\u010dios med\u017eiagos u\u017epildas<\/strong> pagamintas i\u0161 daugiasluoksn\u0117s sintetin\u0117s filtravimo \u017ealiavos, atitinkan\u010dios ISO 16890 ir EN 779:2012 standart\u0173 reikalavimus.<\/li>\n<\/ul>\n<p>&nbsp;<\/p>\n<p>Atitinka v\u0117dinimo \u012frenginio gamintojo filtr\u0105: 1054682<\/p>\n","protected":false},"excerpt":{"rendered":"<p>Sulaiko pa\u010dias ma\u017eiausias dulkes ir \u017eiedadulkes &#8211; tinkamiausias pavasar\u012f ir vasar\u0105<\/p>\n<p>Matmenys: 428x231x46 mm<\/p>\n","protected":false},"featured_media":2271,"template":"","meta":{"site-sidebar-layout":"default","site-content-layout":"","ast-site-content-layout":"default","site-content-style":"default","site-sidebar-style":"default","ast-global-header-display":"","ast-banner-title-visibility":"","ast-main-header-display":"","ast-hfb-above-header-display":"","ast-hfb-below-header-display":"","ast-hfb-mobile-header-display":"","site-post-title":"","ast-breadcrumbs-content":"","ast-featured-img":"","footer-sml-layout":"","ast-disable-related-posts":"","theme-transparent-header-meta":"default","adv-header-id-meta":"","stick-header-meta":"","header-above-stick-meta":"","header-main-stick-meta":"","header-below-stick-meta":"","astra-migrate-meta-layouts":"set","ast-page-background-enabled":"default","ast-page-background-meta":{"desktop":{"background-color":"var(--ast-global-color-4)","background-image":"","background-repeat":"repeat","background-position":"center center","background-size":"auto","background-attachment":"scroll","background-type":"","background-media":"","overlay-type":"","overlay-color":"","overlay-opacity":"","overlay-gradient":""},"tablet":{"background-color":"","background-image":"","background-repeat":"repeat","background-position":"center center","background-size":"auto","background-attachment":"scroll","background-type":"","background-media":"","overlay-type":"","overlay-color":"","overlay-opacity":"","overlay-gradient":""},"mobile":{"background-color":"","background-image":"","background-repeat":"repeat","background-position":"center center","background-size":"auto","background-attachment":"scroll","background-type":"","background-media":"","overlay-type":"","overlay-color":"","overlay-opacity":"","overlay-gradient":""}},"ast-content-background-meta":{"desktop":{"background-color":"var(--ast-global-color-5)","background-image":"","background-repeat":"repeat","background-position":"center center","background-size":"auto","background-attachment":"scroll","background-type":"","background-media":"","overlay-type":"","overlay-color":"","overlay-opacity":"","overlay-gradient":""},"tablet":{"background-color":"var(--ast-global-color-5)","background-image":"","background-repeat":"repeat","background-position":"center center","background-size":"auto","background-attachment":"scroll","background-type":"","background-media":"","overlay-type":"","overlay-color":"","overlay-opacity":"","overlay-gradient":""},"mobile":{"background-color":"var(--ast-global-color-5)","background-image":"","background-repeat":"repeat","background-position":"center center","background-size":"auto","background-attachment":"scroll","background-type":"","background-media":"","overlay-type":"","overlay-color":"","overlay-opacity":"","overlay-gradient":""}}},"product_brand":[],"product_cat":[42],"product_tag":[85],"class_list":{"0":"post-5628","1":"product","2":"type-product","3":"status-publish","4":"has-post-thumbnail","6":"product_cat-komfovent-filtrai","7":"product_tag-komfovent-filtras","8":"has-subscription-plans","9":"desktop-align-left","10":"tablet-align-left","11":"mobile-align-left","13":"first","14":"instock","15":"shipping-taxable","16":"purchasable","17":"product-type-simple"},"yoast_head":"<!-- This site is optimized with the Yoast SEO plugin v27.2 - https:\/\/yoast.com\/product\/yoast-seo-wordpress\/ -->\n<title>Filtras Komfovent Domekt R 400 V rekuperatoriui (nuo 2020-10) &quot;F7&quot;<\/title>\n<meta name=\"description\" content=\"Filtras Komfovent Domekt R 400 V rekuperatoriui (nuo 2020-10) &quot;F7&quot; jautriems ir alergi\u0161kiems. Sulaiko pa\u010dias ma\u017eiausias dulkes ir \u017eiedadulkes\" \/>\n<meta name=\"robots\" content=\"index, follow, max-snippet:-1, max-image-preview:large, max-video-preview:-1\" \/>\n<link rel=\"canonical\" href=\"https:\/\/filtruprenumerata.lt\/et\/produktas\/domekt-r-400-v-n-rekuperatoriaus-filtras-f7-1054682\/\" \/>\n<meta property=\"og:locale\" content=\"et_EE\" \/>\n<meta property=\"og:type\" content=\"article\" \/>\n<meta property=\"og:title\" content=\"Filtras Komfovent Domekt R 400 V rekuperatoriui (nuo 2020-10) &quot;F7&quot;\" \/>\n<meta property=\"og:description\" content=\"Filtras Komfovent Domekt R 400 V rekuperatoriui (nuo 2020-10) &quot;F7&quot; jautriems ir alergi\u0161kiems. Sulaiko pa\u010dias ma\u017eiausias dulkes ir \u017eiedadulkes\" \/>\n<meta property=\"og:url\" content=\"https:\/\/filtruprenumerata.lt\/et\/produktas\/domekt-r-400-v-n-rekuperatoriaus-filtras-f7-1054682\/\" \/>\n<meta property=\"og:site_name\" content=\"filtruprenumerata.lt\" \/>\n<meta property=\"article:publisher\" content=\"https:\/\/www.facebook.com\/filtruprenumerata\/\" \/>\n<meta property=\"article:modified_time\" content=\"2025-09-28T16:15:07+00:00\" \/>\n<meta property=\"og:image\" content=\"https:\/\/filtruprenumerata.lt\/wp-content\/uploads\/komfovent_domekt_r_400_v_f7_filtras.jpg\" \/>\n\t<meta property=\"og:image:width\" content=\"2048\" \/>\n\t<meta property=\"og:image:height\" content=\"2048\" \/>\n\t<meta property=\"og:image:type\" content=\"image\/jpeg\" \/>\n<meta name=\"twitter:card\" content=\"summary_large_image\" \/>\n<meta name=\"twitter:label1\" content=\"Est. reading time\" \/>\n\t<meta name=\"twitter:data1\" content=\"2 minutit\" \/>\n<script type=\"application\/ld+json\" class=\"yoast-schema-graph\">{\"@context\":\"https:\/\/schema.org\",\"@graph\":[{\"@type\":[\"WebPage\",\"ItemPage\"],\"@id\":\"https:\/\/filtruprenumerata.lt\/et\/produktas\/domekt-r-400-v-n-rekuperatoriaus-filtras-f7-1054682\/\",\"url\":\"https:\/\/filtruprenumerata.lt\/et\/produktas\/domekt-r-400-v-n-rekuperatoriaus-filtras-f7-1054682\/\",\"name\":\"Filtras Komfovent Domekt R 400 V rekuperatoriui (nuo 2020-10) \\\"F7\\\"\",\"isPartOf\":{\"@id\":\"https:\/\/filtruprenumerata.lt\/et\/#website\"},\"primaryImageOfPage\":{\"@id\":\"https:\/\/filtruprenumerata.lt\/et\/produktas\/domekt-r-400-v-n-rekuperatoriaus-filtras-f7-1054682\/#primaryimage\"},\"image\":{\"@id\":\"https:\/\/filtruprenumerata.lt\/et\/produktas\/domekt-r-400-v-n-rekuperatoriaus-filtras-f7-1054682\/#primaryimage\"},\"thumbnailUrl\":\"https:\/\/filtruprenumerata.lt\/wp-content\/uploads\/komfovent_domekt_r_400_v_f7_filtras.jpg\",\"datePublished\":\"2022-11-03T08:09:01+00:00\",\"dateModified\":\"2025-09-28T16:15:07+00:00\",\"description\":\"Filtras Komfovent Domekt R 400 V rekuperatoriui (nuo 2020-10) \\\"F7\\\" jautriems ir alergi\u0161kiems. Sulaiko pa\u010dias ma\u017eiausias dulkes ir \u017eiedadulkes\",\"breadcrumb\":{\"@id\":\"https:\/\/filtruprenumerata.lt\/et\/produktas\/domekt-r-400-v-n-rekuperatoriaus-filtras-f7-1054682\/#breadcrumb\"},\"inLanguage\":\"et\",\"potentialAction\":[{\"@type\":\"ReadAction\",\"target\":[\"https:\/\/filtruprenumerata.lt\/et\/produktas\/domekt-r-400-v-n-rekuperatoriaus-filtras-f7-1054682\/\"]}]},{\"@type\":\"ImageObject\",\"inLanguage\":\"et\",\"@id\":\"https:\/\/filtruprenumerata.lt\/et\/produktas\/domekt-r-400-v-n-rekuperatoriaus-filtras-f7-1054682\/#primaryimage\",\"url\":\"https:\/\/filtruprenumerata.lt\/wp-content\/uploads\/komfovent_domekt_r_400_v_f7_filtras.jpg\",\"contentUrl\":\"https:\/\/filtruprenumerata.lt\/wp-content\/uploads\/komfovent_domekt_r_400_v_f7_filtras.jpg\",\"width\":2048,\"height\":2048,\"caption\":\"komfovent Domekt R 400 V rekuperatoriaus F7 filtras 774300007\"},{\"@type\":\"BreadcrumbList\",\"@id\":\"https:\/\/filtruprenumerata.lt\/et\/produktas\/domekt-r-400-v-n-rekuperatoriaus-filtras-f7-1054682\/#breadcrumb\",\"itemListElement\":[{\"@type\":\"ListItem\",\"position\":1,\"name\":\"Home\",\"item\":\"https:\/\/filtruprenumerata.lt\/et\/\"},{\"@type\":\"ListItem\",\"position\":2,\"name\":\"Parduotuv\u0117\",\"item\":\"https:\/\/filtruprenumerata.lt\/parduotuve\/\"},{\"@type\":\"ListItem\",\"position\":3,\"name\":\"Filtras Komfovent Domekt R 400 V rekuperatoriui (nuo 2020-10) &#8220;F7&#8221;\"}]},{\"@type\":\"WebSite\",\"@id\":\"https:\/\/filtruprenumerata.lt\/et\/#website\",\"url\":\"https:\/\/filtruprenumerata.lt\/et\/\",\"name\":\"filtruprenumerata.lt\",\"description\":\"\u0160vie\u017eias oras sveikam gyvenimui\",\"publisher\":{\"@id\":\"https:\/\/filtruprenumerata.lt\/et\/#organization\"},\"potentialAction\":[{\"@type\":\"SearchAction\",\"target\":{\"@type\":\"EntryPoint\",\"urlTemplate\":\"https:\/\/filtruprenumerata.lt\/et\/?s={search_term_string}\"},\"query-input\":{\"@type\":\"PropertyValueSpecification\",\"valueRequired\":true,\"valueName\":\"search_term_string\"}}],\"inLanguage\":\"et\"},{\"@type\":\"Organization\",\"@id\":\"https:\/\/filtruprenumerata.lt\/et\/#organization\",\"name\":\"Filterplace, MB\",\"url\":\"https:\/\/filtruprenumerata.lt\/et\/\",\"logo\":{\"@type\":\"ImageObject\",\"inLanguage\":\"et\",\"@id\":\"https:\/\/filtruprenumerata.lt\/et\/#\/schema\/logo\/image\/\",\"url\":\"https:\/\/i0.wp.com\/www.filtruprenumerata.lt\/wp-content\/uploads\/FP-black.png?fit=2560%2C2560&ssl=1\",\"contentUrl\":\"https:\/\/i0.wp.com\/www.filtruprenumerata.lt\/wp-content\/uploads\/FP-black.png?fit=2560%2C2560&ssl=1\",\"width\":2560,\"height\":2560,\"caption\":\"Filterplace, MB\"},\"image\":{\"@id\":\"https:\/\/filtruprenumerata.lt\/et\/#\/schema\/logo\/image\/\"},\"sameAs\":[\"https:\/\/www.facebook.com\/filtruprenumerata\/\",\"http:\/\/www.linkedin.com\/company\/filtruprenumerata\"]}]}<\/script>\n<!-- \/ Yoast SEO plugin. -->","yoast_head_json":{"title":"Filtras Komfovent Domekt R 400 V rekuperatoriui (nuo 2020-10) \"F7\"","description":"Filtras Komfovent Domekt R 400 V rekuperatoriui (nuo 2020-10) \"F7\" jautriems ir alergi\u0161kiems. Sulaiko pa\u010dias ma\u017eiausias dulkes ir \u017eiedadulkes","robots":{"index":"index","follow":"follow","max-snippet":"max-snippet:-1","max-image-preview":"max-image-preview:large","max-video-preview":"max-video-preview:-1"},"canonical":"https:\/\/filtruprenumerata.lt\/et\/produktas\/domekt-r-400-v-n-rekuperatoriaus-filtras-f7-1054682\/","og_locale":"et_EE","og_type":"article","og_title":"Filtras Komfovent Domekt R 400 V rekuperatoriui (nuo 2020-10) \"F7\"","og_description":"Filtras Komfovent Domekt R 400 V rekuperatoriui (nuo 2020-10) \"F7\" jautriems ir alergi\u0161kiems. Sulaiko pa\u010dias ma\u017eiausias dulkes ir \u017eiedadulkes","og_url":"https:\/\/filtruprenumerata.lt\/et\/produktas\/domekt-r-400-v-n-rekuperatoriaus-filtras-f7-1054682\/","og_site_name":"filtruprenumerata.lt","article_publisher":"https:\/\/www.facebook.com\/filtruprenumerata\/","article_modified_time":"2025-09-28T16:15:07+00:00","og_image":[{"width":2048,"height":2048,"url":"https:\/\/filtruprenumerata.lt\/wp-content\/uploads\/komfovent_domekt_r_400_v_f7_filtras.jpg","type":"image\/jpeg"}],"twitter_card":"summary_large_image","twitter_misc":{"Est. reading time":"2 minutit"},"schema":{"@context":"https:\/\/schema.org","@graph":[{"@type":["WebPage","ItemPage"],"@id":"https:\/\/filtruprenumerata.lt\/et\/produktas\/domekt-r-400-v-n-rekuperatoriaus-filtras-f7-1054682\/","url":"https:\/\/filtruprenumerata.lt\/et\/produktas\/domekt-r-400-v-n-rekuperatoriaus-filtras-f7-1054682\/","name":"Filtras Komfovent Domekt R 400 V rekuperatoriui (nuo 2020-10) \"F7\"","isPartOf":{"@id":"https:\/\/filtruprenumerata.lt\/et\/#website"},"primaryImageOfPage":{"@id":"https:\/\/filtruprenumerata.lt\/et\/produktas\/domekt-r-400-v-n-rekuperatoriaus-filtras-f7-1054682\/#primaryimage"},"image":{"@id":"https:\/\/filtruprenumerata.lt\/et\/produktas\/domekt-r-400-v-n-rekuperatoriaus-filtras-f7-1054682\/#primaryimage"},"thumbnailUrl":"https:\/\/filtruprenumerata.lt\/wp-content\/uploads\/komfovent_domekt_r_400_v_f7_filtras.jpg","datePublished":"2022-11-03T08:09:01+00:00","dateModified":"2025-09-28T16:15:07+00:00","description":"Filtras Komfovent Domekt R 400 V rekuperatoriui (nuo 2020-10) \"F7\" jautriems ir alergi\u0161kiems. Sulaiko pa\u010dias ma\u017eiausias dulkes ir \u017eiedadulkes","breadcrumb":{"@id":"https:\/\/filtruprenumerata.lt\/et\/produktas\/domekt-r-400-v-n-rekuperatoriaus-filtras-f7-1054682\/#breadcrumb"},"inLanguage":"et","potentialAction":[{"@type":"ReadAction","target":["https:\/\/filtruprenumerata.lt\/et\/produktas\/domekt-r-400-v-n-rekuperatoriaus-filtras-f7-1054682\/"]}]},{"@type":"ImageObject","inLanguage":"et","@id":"https:\/\/filtruprenumerata.lt\/et\/produktas\/domekt-r-400-v-n-rekuperatoriaus-filtras-f7-1054682\/#primaryimage","url":"https:\/\/filtruprenumerata.lt\/wp-content\/uploads\/komfovent_domekt_r_400_v_f7_filtras.jpg","contentUrl":"https:\/\/filtruprenumerata.lt\/wp-content\/uploads\/komfovent_domekt_r_400_v_f7_filtras.jpg","width":2048,"height":2048,"caption":"komfovent Domekt R 400 V rekuperatoriaus F7 filtras 774300007"},{"@type":"BreadcrumbList","@id":"https:\/\/filtruprenumerata.lt\/et\/produktas\/domekt-r-400-v-n-rekuperatoriaus-filtras-f7-1054682\/#breadcrumb","itemListElement":[{"@type":"ListItem","position":1,"name":"Home","item":"https:\/\/filtruprenumerata.lt\/et\/"},{"@type":"ListItem","position":2,"name":"Parduotuv\u0117","item":"https:\/\/filtruprenumerata.lt\/parduotuve\/"},{"@type":"ListItem","position":3,"name":"Filtras Komfovent Domekt R 400 V rekuperatoriui (nuo 2020-10) &#8220;F7&#8221;"}]},{"@type":"WebSite","@id":"https:\/\/filtruprenumerata.lt\/et\/#website","url":"https:\/\/filtruprenumerata.lt\/et\/","name":"filtruprenumerata.lt","description":"\u0160vie\u017eias oras sveikam gyvenimui","publisher":{"@id":"https:\/\/filtruprenumerata.lt\/et\/#organization"},"potentialAction":[{"@type":"SearchAction","target":{"@type":"EntryPoint","urlTemplate":"https:\/\/filtruprenumerata.lt\/et\/?s={search_term_string}"},"query-input":{"@type":"PropertyValueSpecification","valueRequired":true,"valueName":"search_term_string"}}],"inLanguage":"et"},{"@type":"Organization","@id":"https:\/\/filtruprenumerata.lt\/et\/#organization","name":"Filterplace, MB","url":"https:\/\/filtruprenumerata.lt\/et\/","logo":{"@type":"ImageObject","inLanguage":"et","@id":"https:\/\/filtruprenumerata.lt\/et\/#\/schema\/logo\/image\/","url":"https:\/\/i0.wp.com\/www.filtruprenumerata.lt\/wp-content\/uploads\/FP-black.png?fit=2560%2C2560&ssl=1","contentUrl":"https:\/\/i0.wp.com\/www.filtruprenumerata.lt\/wp-content\/uploads\/FP-black.png?fit=2560%2C2560&ssl=1","width":2560,"height":2560,"caption":"Filterplace, MB"},"image":{"@id":"https:\/\/filtruprenumerata.lt\/et\/#\/schema\/logo\/image\/"},"sameAs":["https:\/\/www.facebook.com\/filtruprenumerata\/","http:\/\/www.linkedin.com\/company\/filtruprenumerata"]}]}},"_links":{"self":[{"href":"https:\/\/filtruprenumerata.lt\/et\/wp-json\/wp\/v2\/product\/5628","targetHints":{"allow":["GET"]}}],"collection":[{"href":"https:\/\/filtruprenumerata.lt\/et\/wp-json\/wp\/v2\/product"}],"about":[{"href":"https:\/\/filtruprenumerata.lt\/et\/wp-json\/wp\/v2\/types\/product"}],"wp:featuredmedia":[{"embeddable":true,"href":"https:\/\/filtruprenumerata.lt\/et\/wp-json\/wp\/v2\/media\/2271"}],"wp:attachment":[{"href":"https:\/\/filtruprenumerata.lt\/et\/wp-json\/wp\/v2\/media?parent=5628"}],"wp:term":[{"taxonomy":"product_brand","embeddable":true,"href":"https:\/\/filtruprenumerata.lt\/et\/wp-json\/wp\/v2\/product_brand?post=5628"},{"taxonomy":"product_cat","embeddable":true,"href":"https:\/\/filtruprenumerata.lt\/et\/wp-json\/wp\/v2\/product_cat?post=5628"},{"taxonomy":"product_tag","embeddable":true,"href":"https:\/\/filtruprenumerata.lt\/et\/wp-json\/wp\/v2\/product_tag?post=5628"}],"curies":[{"name":"wp","href":"https:\/\/api.w.org\/{rel}","templated":true}]}}