{"id":3742,"date":"2019-12-15T17:31:43","date_gmt":"2019-12-15T15:31:43","guid":{"rendered":"https:\/produktas\/komfovent-domekt-r-200-v-ventilatsiooniseadme-filtrikomplekt-f7m5\/"},"modified":"2024-01-11T12:49:27","modified_gmt":"2024-01-11T10:49:27","slug":"komfovent-domekt-r-200-v-ventilatsiooniseadme-filtrikomplekt-f7m5","status":"publish","type":"product","link":"https:\/\/filtruprenumerata.lt\/et\/product\/komfovent-domekt-r-200-v-ventilatsiooniseadme-filtrikomplekt-f7m5\/","title":{"rendered":"Komfovent Domekt R 200 V ventilatsiooniseadme filtrikomplekt F7+M5"},"content":{"rendered":"<h2><strong>Komfovent Domekt R 200 V ventilatsiooniseadme filtrikomplekt F7+M5 &#8211; sobib allergikutele ja \u00f5hukvaliteedi suhtes tundlikele inimestele<\/strong><\/h2>\n<h3><strong>P\u00fc\u00fcab kinni nii \u00f5ietolmu kui ka k\u00f5ige peenemad tolmuosakesed &#8211; parim kevade- ja suvehooajaks.<\/strong><\/h3>\n<h4>Komfovent Domekt R 200 V ventilatsiooniseadme filtrikomplekt sobib ka <strong>Domekt Rego 200 VE<\/strong> seadmetele.<\/h4>\n<p>&nbsp;<\/p>\n<p>Need longer lifespan?<\/p>\n<p><a class=\"btnklb 25489512 klb_06aed5 klb_ffffff klb_06aed5 btn-big \" style=\"color: #06aed5; background-color: rgba(240,200,8,0.01); border: 2px solid #06aed5;\" title=\"Suggested alternative\" href=\"https:\/et\/produktas\/komfovent-domekt-r-200-v-ventilatsiooniseadme-filtrikomplekt-m5m5\/\" target=\" _blank\" rel=\"noopener noreferrer\">Telli Komfovent Domekt R 200 V ventilatsiooniseadme filtrikomplekt M5 + M5 &#8211; igap\u00e4evane kaitse<\/a><\/p>\n<p>&nbsp;<\/p>\n<p>Komfovent Domekt R 200 V ventilatsiooniseadme filtrikomplekti F7+M5 kuulub:<\/p>\n<ul>\n<li style=\"list-style-type: none;\">\n<ul>\n<li>1 tk <strong><a href=\"https:\/et\/produktas\/komfovent-domekt-r-200-v-ventilatsiooniseadme-f7-klassi-filtrit-774300060\/\">Komfovent Domekt R 200 V (Domekt Rego 200 VE) F7 klassi filtrit<\/a><\/strong>\u00a0for supply air,<\/li>\n<li>1 tk <strong><a href=\"https:\/et\/produktas\/komfovent-domekt-r-200-v-m5-filtrit-774100091\/\">Komfovent Domekt R 200 V (Domekt Rego 200 VE) M5 klassi filtrit<\/a>\u00a0<\/strong>for exhaust air.<\/li>\n<\/ul>\n<\/li>\n<\/ul>\n<p>&nbsp;<\/p>\n<table width=\"434\">\n<tbody>\n<tr>\n<td width=\"190\">Filtri t\u00fc\u00fcp:<\/td>\n<td style=\"text-align: center;\" width=\"122\">EN 779:2012<\/td>\n<td style=\"text-align: center;\" width=\"122\">ISO 16890<\/td>\n<\/tr>\n<tr>\n<td width=\"190\">Sissepuhke filter<\/td>\n<td style=\"text-align: center;\" width=\"122\">F7<\/td>\n<td style=\"text-align: center;\" width=\"122\">ePM1 70%<\/td>\n<\/tr>\n<tr>\n<td width=\"190\">V\u00e4ljat\u00f5mbe filter<\/td>\n<td style=\"text-align: center;\" width=\"122\">M5<\/td>\n<td style=\"text-align: center;\" width=\"122\">ePM10 50%<\/td>\n<\/tr>\n<\/tbody>\n<\/table>\n<p>&nbsp;<\/p>\n<p>Soovitame vahetada F7 klassi filtreid iga 4 kuu tagant,<br \/>\nSoovitame vahetada M5 klassi filtreid iga 6 kuu tagant.<\/p>\n<p>&nbsp;<\/p>\n<p><strong>Oluline info ventilatsioonifiltrite vahetamise kohta:<\/strong><\/p>\n<ul>\n<li>Soojustagastusega ventilatsiooniseadmete filtreid tuleb vahetada siis, kui seade annab filtri t\u00e4itumisest m\u00e4rku. Meie soovitame filtreid vahetada v\u00e4hemalt 2 korda aastas: enne ja p\u00e4rast k\u00fctteperioodi. Filtreid v\u00f5ib olla vaja vahetada ka sagedamini. Filtri vahetamise sagedus s\u00f5ltub teie elukoha \u00f5hu kvaliteedist ja \u00f5husaastest ning ventilatsiooniseadme t\u00f6\u00f6tamise intensiivsusest.<\/li>\n<li>Soojustagastusega ventilatsiooniseadme filter on \u00fchekordseks kasutamiseks. Filtrit ei soovitata tolmuimejaga v\u00f5i muul viisil puhastada, kuna tolm ja peenosakesed on tunginud s\u00fcgavale filtrimaterjali sisse ja filtri esialgseid omadusi taastada ei \u00f5nnestu.<\/li>\n<li>Soovitame ventilatsiooniseade filtrite vahetuse eel v\u00e4lja l\u00fclitada, et v\u00e4ltida tolmu ja muude osakeste sattumist seadmesse filtrite vahetamise k\u00e4igus.<\/li>\n<li>Filtrite vahetamise k\u00e4igus soovitame puhastada ka filtrite kinnitussiinid ventilatsiooniseadmes.<\/li>\n<li>Ummistunud filtrid viivad teie ventilatsioonis\u00fcsteemi tasakaalust v\u00e4lja, seadme j\u00f5udlus v\u00e4heneb, samas kui energiatarve ja m\u00fcratase t\u00f5usevad!<\/li>\n<\/ul>\n<p>&nbsp;<\/p>\n<p>T\u00e4psemat infot selle kohta, kuidas Komfovent soojustagastusega ventilatsiooniseadmete filtreid vahetada, leiate oma <a href=\"https:\/\/www.komfovent.com\/wp-admin\/admin-ajax.php?action=get_product_card_file&amp;id=DOMEKT_19-09_LT.pdf\">seadme paigaldus- ja hooldusjuhendist<\/a>.<\/p>\n<p>&nbsp;<\/p>\n<p><strong>Meie ventilatsioonifiltrite omadused:<\/strong><\/p>\n<ul>\n<li><strong>Filtri raam<\/strong> on valmistatud niiskuskindlast papist. T\u00e4itunud filtri v\u00f5ib \u00e4ra visata olmepr\u00fcgi hulgas.<\/li>\n<li><strong>Uuel viisil volditud filtrimaterjal <\/strong>&#8211; kurrud on liimiga kinnitatud. See v\u00f5imaldab samaaegselt saavutada v\u00e4ga madala \u00f5hutakistuse ning suurima v\u00f5imaliku tolmu ja peenosakesi filtreeriva pindala.<\/li>\n<li><strong>Filtrimaterjal<\/strong> on k\u00f5igist neljast k\u00fcljest raami k\u00fclge liimitud, kindlustamaks, et tolm ja peenosakesed ei saa l\u00e4bi filtri tuppa lekkida.<\/li>\n<li><strong>Filtrimaterjal<\/strong> on mitmekihiline s\u00fcnteetiline kangas, mis vastab standardite ISO 16890 ja EN 779: 2012 n\u00f5uetele.<\/li>\n<\/ul>\n","protected":false},"excerpt":{"rendered":"<p><span style=\"font-weight: 400;\">P\u00fc\u00fcab kinni nii \u00f5ietolmu kui ka k\u00f5ige peenemad tolmuosakesed &#8211; parim kevade- ja suvehooajaks<\/span><\/p>\n<p><span style=\"font-weight: 400;\">Komplektis on 1 F7 ja 1 M5 klassi filter. M\u00f5\u00f5dud: 285x130x46mm<\/span><\/p>\n","protected":false},"featured_media":3740,"template":"","meta":{"site-sidebar-layout":"default","site-content-layout":"","ast-site-content-layout":"default","site-content-style":"default","site-sidebar-style":"default","ast-global-header-display":"","ast-banner-title-visibility":"","ast-main-header-display":"","ast-hfb-above-header-display":"","ast-hfb-below-header-display":"","ast-hfb-mobile-header-display":"","site-post-title":"","ast-breadcrumbs-content":"","ast-featured-img":"","footer-sml-layout":"","ast-disable-related-posts":"","theme-transparent-header-meta":"default","adv-header-id-meta":"","stick-header-meta":"","header-above-stick-meta":"","header-main-stick-meta":"","header-below-stick-meta":"","astra-migrate-meta-layouts":"default","ast-page-background-enabled":"default","ast-page-background-meta":{"desktop":{"background-color":"var(--ast-global-color-4)","background-image":"","background-repeat":"repeat","background-position":"center center","background-size":"auto","background-attachment":"scroll","background-type":"","background-media":"","overlay-type":"","overlay-color":"","overlay-opacity":"","overlay-gradient":""},"tablet":{"background-color":"","background-image":"","background-repeat":"repeat","background-position":"center center","background-size":"auto","background-attachment":"scroll","background-type":"","background-media":"","overlay-type":"","overlay-color":"","overlay-opacity":"","overlay-gradient":""},"mobile":{"background-color":"","background-image":"","background-repeat":"repeat","background-position":"center center","background-size":"auto","background-attachment":"scroll","background-type":"","background-media":"","overlay-type":"","overlay-color":"","overlay-opacity":"","overlay-gradient":""}},"ast-content-background-meta":{"desktop":{"background-color":"var(--ast-global-color-5)","background-image":"","background-repeat":"repeat","background-position":"center center","background-size":"auto","background-attachment":"scroll","background-type":"","background-media":"","overlay-type":"","overlay-color":"","overlay-opacity":"","overlay-gradient":""},"tablet":{"background-color":"var(--ast-global-color-5)","background-image":"","background-repeat":"repeat","background-position":"center center","background-size":"auto","background-attachment":"scroll","background-type":"","background-media":"","overlay-type":"","overlay-color":"","overlay-opacity":"","overlay-gradient":""},"mobile":{"background-color":"var(--ast-global-color-5)","background-image":"","background-repeat":"repeat","background-position":"center center","background-size":"auto","background-attachment":"scroll","background-type":"","background-media":"","overlay-type":"","overlay-color":"","overlay-opacity":"","overlay-gradient":""}}},"product_brand":[],"product_cat":[145],"product_tag":[],"class_list":{"0":"post-3742","1":"product","2":"type-product","3":"status-publish","4":"has-post-thumbnail","6":"product_cat-filtrikomplektid-komfovent-mudelitele","7":"has-subscription-plans","8":"desktop-align-left","9":"tablet-align-left","10":"mobile-align-left","12":"first","13":"instock","14":"shipping-taxable","15":"purchasable","16":"product-type-simple"},"yoast_head":"<!-- This site is optimized with the Yoast SEO plugin v27.2 - https:\/\/yoast.com\/product\/yoast-seo-wordpress\/ -->\n<title>Komfovent Domekt R 200 V heat recovery device filter set F7+M5<\/title>\n<meta name=\"description\" content=\"Komfovent Domekt R 200 V heat recovery device filter set F7+M5 - for sensitive and allergic. Retains smallest particles and pollen\" \/>\n<meta name=\"robots\" content=\"index, follow, max-snippet:-1, max-image-preview:large, max-video-preview:-1\" \/>\n<link rel=\"canonical\" href=\"https:\/\/filtruprenumerata.lt\/et\/product\/komfovent-domekt-r-200-v-ventilatsiooniseadme-filtrikomplekt-f7m5\/\" \/>\n<meta property=\"og:locale\" content=\"et_EE\" \/>\n<meta property=\"og:type\" content=\"article\" \/>\n<meta property=\"og:title\" content=\"Komfovent Domekt R 200 V heat recovery device filter set F7+M5\" \/>\n<meta property=\"og:description\" content=\"Komfovent Domekt R 200 V heat recovery device filter set F7+M5 - for sensitive and allergic. Retains smallest particles and pollen - best for spring and summer.\" \/>\n<meta property=\"og:url\" content=\"https:\/\/filtruprenumerata.lt\/et\/product\/komfovent-domekt-r-200-v-ventilatsiooniseadme-filtrikomplekt-f7m5\/\" \/>\n<meta property=\"og:site_name\" content=\"filtruprenumerata.lt\" \/>\n<meta property=\"article:publisher\" content=\"https:\/\/www.facebook.com\/filtruprenumerata\/\" \/>\n<meta property=\"article:modified_time\" content=\"2024-01-11T10:49:27+00:00\" \/>\n<meta property=\"og:image\" content=\"https:\/\/filtruprenumerata.lt\/wp-content\/uploads\/komfovent_domekt_r_200_v_m5_f7_filtru_komplektas.jpg\" \/>\n\t<meta property=\"og:image:width\" content=\"2048\" \/>\n\t<meta property=\"og:image:height\" content=\"2048\" \/>\n\t<meta property=\"og:image:type\" content=\"image\/jpeg\" \/>\n<meta name=\"twitter:card\" content=\"summary_large_image\" \/>\n<meta name=\"twitter:label1\" content=\"Est. reading time\" \/>\n\t<meta name=\"twitter:data1\" content=\"2 minutit\" \/>\n<script type=\"application\/ld+json\" class=\"yoast-schema-graph\">{\"@context\":\"https:\/\/schema.org\",\"@graph\":[{\"@type\":[\"WebPage\",\"ItemPage\"],\"@id\":\"https:\/\/filtruprenumerata.lt\/et\/product\/komfovent-domekt-r-200-v-ventilatsiooniseadme-filtrikomplekt-f7m5\/\",\"url\":\"https:\/\/filtruprenumerata.lt\/et\/product\/komfovent-domekt-r-200-v-ventilatsiooniseadme-filtrikomplekt-f7m5\/\",\"name\":\"Komfovent Domekt R 200 V heat recovery device filter set F7+M5\",\"isPartOf\":{\"@id\":\"https:\/\/filtruprenumerata.lt\/et\/#website\"},\"primaryImageOfPage\":{\"@id\":\"https:\/\/filtruprenumerata.lt\/et\/product\/komfovent-domekt-r-200-v-ventilatsiooniseadme-filtrikomplekt-f7m5\/#primaryimage\"},\"image\":{\"@id\":\"https:\/\/filtruprenumerata.lt\/et\/product\/komfovent-domekt-r-200-v-ventilatsiooniseadme-filtrikomplekt-f7m5\/#primaryimage\"},\"thumbnailUrl\":\"https:\/\/filtruprenumerata.lt\/wp-content\/uploads\/komfovent_domekt_r_200_v_m5_f7_filtru_komplektas.jpg\",\"datePublished\":\"2019-12-15T15:31:43+00:00\",\"dateModified\":\"2024-01-11T10:49:27+00:00\",\"description\":\"Komfovent Domekt R 200 V heat recovery device filter set F7+M5 - for sensitive and allergic. Retains smallest particles and pollen\",\"breadcrumb\":{\"@id\":\"https:\/\/filtruprenumerata.lt\/et\/product\/komfovent-domekt-r-200-v-ventilatsiooniseadme-filtrikomplekt-f7m5\/#breadcrumb\"},\"inLanguage\":\"et\",\"potentialAction\":[{\"@type\":\"ReadAction\",\"target\":[\"https:\/\/filtruprenumerata.lt\/et\/product\/komfovent-domekt-r-200-v-ventilatsiooniseadme-filtrikomplekt-f7m5\/\"]}]},{\"@type\":\"ImageObject\",\"inLanguage\":\"et\",\"@id\":\"https:\/\/filtruprenumerata.lt\/et\/product\/komfovent-domekt-r-200-v-ventilatsiooniseadme-filtrikomplekt-f7m5\/#primaryimage\",\"url\":\"https:\/\/filtruprenumerata.lt\/wp-content\/uploads\/komfovent_domekt_r_200_v_m5_f7_filtru_komplektas.jpg\",\"contentUrl\":\"https:\/\/filtruprenumerata.lt\/wp-content\/uploads\/komfovent_domekt_r_200_v_m5_f7_filtru_komplektas.jpg\",\"width\":2048,\"height\":2048,\"caption\":\"komfovent Domekt R 200 V heat recovery device M5 and F7 filter set 774100091 774300060\"},{\"@type\":\"BreadcrumbList\",\"@id\":\"https:\/\/filtruprenumerata.lt\/et\/product\/komfovent-domekt-r-200-v-ventilatsiooniseadme-filtrikomplekt-f7m5\/#breadcrumb\",\"itemListElement\":[{\"@type\":\"ListItem\",\"position\":1,\"name\":\"Home\",\"item\":\"https:\/\/filtruprenumerata.lt\/et\/\"},{\"@type\":\"ListItem\",\"position\":2,\"name\":\"Parduotuv\u0117\",\"item\":\"https:\/\/filtruprenumerata.lt\/parduotuve\/\"},{\"@type\":\"ListItem\",\"position\":3,\"name\":\"Komfovent Domekt R 200 V ventilatsiooniseadme filtrikomplekt F7+M5\"}]},{\"@type\":\"WebSite\",\"@id\":\"https:\/\/filtruprenumerata.lt\/et\/#website\",\"url\":\"https:\/\/filtruprenumerata.lt\/et\/\",\"name\":\"filtruprenumerata.lt\",\"description\":\"\u0160vie\u017eias oras sveikam gyvenimui\",\"publisher\":{\"@id\":\"https:\/\/filtruprenumerata.lt\/et\/#organization\"},\"potentialAction\":[{\"@type\":\"SearchAction\",\"target\":{\"@type\":\"EntryPoint\",\"urlTemplate\":\"https:\/\/filtruprenumerata.lt\/et\/?s={search_term_string}\"},\"query-input\":{\"@type\":\"PropertyValueSpecification\",\"valueRequired\":true,\"valueName\":\"search_term_string\"}}],\"inLanguage\":\"et\"},{\"@type\":\"Organization\",\"@id\":\"https:\/\/filtruprenumerata.lt\/et\/#organization\",\"name\":\"Filterplace, MB\",\"url\":\"https:\/\/filtruprenumerata.lt\/et\/\",\"logo\":{\"@type\":\"ImageObject\",\"inLanguage\":\"et\",\"@id\":\"https:\/\/filtruprenumerata.lt\/et\/#\/schema\/logo\/image\/\",\"url\":\"https:\/\/i0.wp.com\/www.filtruprenumerata.lt\/wp-content\/uploads\/FP-black.png?fit=2560%2C2560&ssl=1\",\"contentUrl\":\"https:\/\/i0.wp.com\/www.filtruprenumerata.lt\/wp-content\/uploads\/FP-black.png?fit=2560%2C2560&ssl=1\",\"width\":2560,\"height\":2560,\"caption\":\"Filterplace, MB\"},\"image\":{\"@id\":\"https:\/\/filtruprenumerata.lt\/et\/#\/schema\/logo\/image\/\"},\"sameAs\":[\"https:\/\/www.facebook.com\/filtruprenumerata\/\",\"http:\/\/www.linkedin.com\/company\/filtruprenumerata\"]}]}<\/script>\n<!-- \/ Yoast SEO plugin. -->","yoast_head_json":{"title":"Komfovent Domekt R 200 V heat recovery device filter set F7+M5","description":"Komfovent Domekt R 200 V heat recovery device filter set F7+M5 - for sensitive and allergic. Retains smallest particles and pollen","robots":{"index":"index","follow":"follow","max-snippet":"max-snippet:-1","max-image-preview":"max-image-preview:large","max-video-preview":"max-video-preview:-1"},"canonical":"https:\/\/filtruprenumerata.lt\/et\/product\/komfovent-domekt-r-200-v-ventilatsiooniseadme-filtrikomplekt-f7m5\/","og_locale":"et_EE","og_type":"article","og_title":"Komfovent Domekt R 200 V heat recovery device filter set F7+M5","og_description":"Komfovent Domekt R 200 V heat recovery device filter set F7+M5 - for sensitive and allergic. Retains smallest particles and pollen - best for spring and summer.","og_url":"https:\/\/filtruprenumerata.lt\/et\/product\/komfovent-domekt-r-200-v-ventilatsiooniseadme-filtrikomplekt-f7m5\/","og_site_name":"filtruprenumerata.lt","article_publisher":"https:\/\/www.facebook.com\/filtruprenumerata\/","article_modified_time":"2024-01-11T10:49:27+00:00","og_image":[{"width":2048,"height":2048,"url":"https:\/\/filtruprenumerata.lt\/wp-content\/uploads\/komfovent_domekt_r_200_v_m5_f7_filtru_komplektas.jpg","type":"image\/jpeg"}],"twitter_card":"summary_large_image","twitter_misc":{"Est. reading time":"2 minutit"},"schema":{"@context":"https:\/\/schema.org","@graph":[{"@type":["WebPage","ItemPage"],"@id":"https:\/\/filtruprenumerata.lt\/et\/product\/komfovent-domekt-r-200-v-ventilatsiooniseadme-filtrikomplekt-f7m5\/","url":"https:\/\/filtruprenumerata.lt\/et\/product\/komfovent-domekt-r-200-v-ventilatsiooniseadme-filtrikomplekt-f7m5\/","name":"Komfovent Domekt R 200 V heat recovery device filter set F7+M5","isPartOf":{"@id":"https:\/\/filtruprenumerata.lt\/et\/#website"},"primaryImageOfPage":{"@id":"https:\/\/filtruprenumerata.lt\/et\/product\/komfovent-domekt-r-200-v-ventilatsiooniseadme-filtrikomplekt-f7m5\/#primaryimage"},"image":{"@id":"https:\/\/filtruprenumerata.lt\/et\/product\/komfovent-domekt-r-200-v-ventilatsiooniseadme-filtrikomplekt-f7m5\/#primaryimage"},"thumbnailUrl":"https:\/\/filtruprenumerata.lt\/wp-content\/uploads\/komfovent_domekt_r_200_v_m5_f7_filtru_komplektas.jpg","datePublished":"2019-12-15T15:31:43+00:00","dateModified":"2024-01-11T10:49:27+00:00","description":"Komfovent Domekt R 200 V heat recovery device filter set F7+M5 - for sensitive and allergic. Retains smallest particles and pollen","breadcrumb":{"@id":"https:\/\/filtruprenumerata.lt\/et\/product\/komfovent-domekt-r-200-v-ventilatsiooniseadme-filtrikomplekt-f7m5\/#breadcrumb"},"inLanguage":"et","potentialAction":[{"@type":"ReadAction","target":["https:\/\/filtruprenumerata.lt\/et\/product\/komfovent-domekt-r-200-v-ventilatsiooniseadme-filtrikomplekt-f7m5\/"]}]},{"@type":"ImageObject","inLanguage":"et","@id":"https:\/\/filtruprenumerata.lt\/et\/product\/komfovent-domekt-r-200-v-ventilatsiooniseadme-filtrikomplekt-f7m5\/#primaryimage","url":"https:\/\/filtruprenumerata.lt\/wp-content\/uploads\/komfovent_domekt_r_200_v_m5_f7_filtru_komplektas.jpg","contentUrl":"https:\/\/filtruprenumerata.lt\/wp-content\/uploads\/komfovent_domekt_r_200_v_m5_f7_filtru_komplektas.jpg","width":2048,"height":2048,"caption":"komfovent Domekt R 200 V heat recovery device M5 and F7 filter set 774100091 774300060"},{"@type":"BreadcrumbList","@id":"https:\/\/filtruprenumerata.lt\/et\/product\/komfovent-domekt-r-200-v-ventilatsiooniseadme-filtrikomplekt-f7m5\/#breadcrumb","itemListElement":[{"@type":"ListItem","position":1,"name":"Home","item":"https:\/\/filtruprenumerata.lt\/et\/"},{"@type":"ListItem","position":2,"name":"Parduotuv\u0117","item":"https:\/\/filtruprenumerata.lt\/parduotuve\/"},{"@type":"ListItem","position":3,"name":"Komfovent Domekt R 200 V ventilatsiooniseadme filtrikomplekt F7+M5"}]},{"@type":"WebSite","@id":"https:\/\/filtruprenumerata.lt\/et\/#website","url":"https:\/\/filtruprenumerata.lt\/et\/","name":"filtruprenumerata.lt","description":"\u0160vie\u017eias oras sveikam gyvenimui","publisher":{"@id":"https:\/\/filtruprenumerata.lt\/et\/#organization"},"potentialAction":[{"@type":"SearchAction","target":{"@type":"EntryPoint","urlTemplate":"https:\/\/filtruprenumerata.lt\/et\/?s={search_term_string}"},"query-input":{"@type":"PropertyValueSpecification","valueRequired":true,"valueName":"search_term_string"}}],"inLanguage":"et"},{"@type":"Organization","@id":"https:\/\/filtruprenumerata.lt\/et\/#organization","name":"Filterplace, MB","url":"https:\/\/filtruprenumerata.lt\/et\/","logo":{"@type":"ImageObject","inLanguage":"et","@id":"https:\/\/filtruprenumerata.lt\/et\/#\/schema\/logo\/image\/","url":"https:\/\/i0.wp.com\/www.filtruprenumerata.lt\/wp-content\/uploads\/FP-black.png?fit=2560%2C2560&ssl=1","contentUrl":"https:\/\/i0.wp.com\/www.filtruprenumerata.lt\/wp-content\/uploads\/FP-black.png?fit=2560%2C2560&ssl=1","width":2560,"height":2560,"caption":"Filterplace, MB"},"image":{"@id":"https:\/\/filtruprenumerata.lt\/et\/#\/schema\/logo\/image\/"},"sameAs":["https:\/\/www.facebook.com\/filtruprenumerata\/","http:\/\/www.linkedin.com\/company\/filtruprenumerata"]}]}},"_links":{"self":[{"href":"https:\/\/filtruprenumerata.lt\/et\/wp-json\/wp\/v2\/product\/3742","targetHints":{"allow":["GET"]}}],"collection":[{"href":"https:\/\/filtruprenumerata.lt\/et\/wp-json\/wp\/v2\/product"}],"about":[{"href":"https:\/\/filtruprenumerata.lt\/et\/wp-json\/wp\/v2\/types\/product"}],"wp:featuredmedia":[{"embeddable":true,"href":"https:\/\/filtruprenumerata.lt\/et\/wp-json\/wp\/v2\/media\/3740"}],"wp:attachment":[{"href":"https:\/\/filtruprenumerata.lt\/et\/wp-json\/wp\/v2\/media?parent=3742"}],"wp:term":[{"taxonomy":"product_brand","embeddable":true,"href":"https:\/\/filtruprenumerata.lt\/et\/wp-json\/wp\/v2\/product_brand?post=3742"},{"taxonomy":"product_cat","embeddable":true,"href":"https:\/\/filtruprenumerata.lt\/et\/wp-json\/wp\/v2\/product_cat?post=3742"},{"taxonomy":"product_tag","embeddable":true,"href":"https:\/\/filtruprenumerata.lt\/et\/wp-json\/wp\/v2\/product_tag?post=3742"}],"curies":[{"name":"wp","href":"https:\/\/api.w.org\/{rel}","templated":true}]}}