{"id":6277,"date":"2023-04-03T15:40:10","date_gmt":"2023-04-03T12:40:10","guid":{"rendered":"https:\/?post_type=product&#038;p=6277"},"modified":"2025-09-13T20:00:03","modified_gmt":"2025-09-13T17:00:03","slug":"oxygen-x-air-v200-rekuperatoriaus-filtras-m5","status":"publish","type":"product","link":"https:\/\/filtruprenumerata.lt\/en\/produktas\/oxygen-x-air-v200-rekuperatoriaus-filtras-m5\/","title":{"rendered":"OXYGEN X-Air V200 rekuperatoriaus filtras M5"},"content":{"rendered":"<h2><strong>OXYGEN X-Air V200 rekuperatoriaus filtras M5 &#8211; <\/strong><strong>kasdienei nam\u0173 apsaugai<\/strong><\/h2>\n<h3>Sulaiko vidutinio dyd\u017eio dulkes &#8211; tinka naudoti bet kuriuo met\u0173 laiku.<\/h3>\n<p>&nbsp;<\/p>\n<h4><strong>Tinka \u0161i\u0173 modeli\u0173 rekuperatoriams:<\/strong><\/h4>\n<ul>\n<li>OXYGEN X-Air <strong>V200<\/strong><\/li>\n<li>OXYGEN X-Air <strong>V200E<\/strong><\/li>\n<\/ul>\n<p>&nbsp;<\/p>\n<h4><strong>Filtro matmenys:<\/strong><\/h4>\n<ul>\n<li>294x136x30 mm<\/li>\n<\/ul>\n<p>&nbsp;<\/p>\n<p>Tinka tiekiamam ir \u0161alinamam orui filtruoti.<\/p>\n<p>&nbsp;<\/p>\n<p>Rekomenduojame i\u0161 karto keisti abu rekuperatoriaus filtrus. <strong>Komplekt\u0105 \u012fsigyti pigiau!<\/strong> Pasirinkite:<\/p>\n<p><a class=\"btnklb 25489512 klb_06aed5 klb_ffffff klb_06aed5 btn-big \" style=\"color: #06aed5; background-color: rgba(240,200,8,0.01); border: 2px solid #06aed5;\" title=\"Taip pat rekomenduojame\" href=\"\/produktas\/oxygen-x-air-v200-rekuperatoriaus-filtru-komplektas-m5m5\/\" target=\" _blank\" rel=\"noopener noreferrer\">OXYGEN X-Air V200 rekuperatoriaus filtr\u0173 komplektas M5+M5 \u2013 kasdienei nam\u0173 apsaugai<\/a><\/p>\n<p><a class=\"btnklb 25489512 klb_06aed5 klb_ffffff klb_06aed5 btn-big \" style=\"color: #06aed5; background-color: rgba(240,200,8,0.01); border: 2px solid #06aed5;\" title=\"Taip pat rekomenduojame\" href=\"\/produktas\/oxygen-x-air-v200-rekuperatoriaus-filtru-komplektas-f7m5\/\" target=\" _blank\" rel=\"noopener noreferrer\">OXYGEN X-Air V200 rekuperatoriaus filtr\u0173 komplektas F7+M5 \u2013 jautriems ir alergi\u0161kiems<\/a><\/p>\n<p>&nbsp;<\/p>\n<table style=\"height: 62px;\" width=\"508\">\n<tbody>\n<tr>\n<td width=\"254\">Filtravimo klas\u0117:<\/td>\n<td style=\"text-align: center;\" width=\"114\">EN 779:2012<\/td>\n<td style=\"text-align: center;\" width=\"104\">ISO 16890<\/td>\n<\/tr>\n<tr>\n<td width=\"254\">Tiekiamo oro filtras<\/td>\n<td style=\"text-align: center;\" width=\"114\">M5<\/td>\n<td style=\"text-align: center;\" width=\"104\">EPM10 55%<\/td>\n<\/tr>\n<\/tbody>\n<\/table>\n<p>&nbsp;<\/p>\n<p>M5 klas\u0117s filtr\u0105 rekomenduojame keisti ne re\u010diau kaip kas 6 m\u0117nesius.<\/p>\n<p>&nbsp;<\/p>\n<p><strong>Svarbi informacija apie filtr\u0173 keitim\u0105:<\/strong><\/p>\n<ul>\n<li>Rekuperatoriaus filtrus b\u016btina keisti, kai \u012frenginio indikatoriai prane\u0161a apie oro filtro u\u017esiter\u0161im\u0105. Rekomenduojama keisti ma\u017eiausiai 2 kartus per metus: prie\u0161 \u0161ildymo sezon\u0105 ir po jo, arba da\u017eniau, priklausomai nuo aplinkos, kurioje gyvenate, u\u017eter\u0161tumo ir v\u0117dinimo \u012frenginio naudojimo intensyvumo.<\/li>\n<li>Rekuperatoriaus filtras &#8211; vienkartinis gaminys, nerekomenduojama jo pakartotinai naudoti i\u0161siurbus, i\u0161pur\u010dius ar kitaip i\u0161valius.<\/li>\n<li>Prie\u0161 kei\u010diant filtrus rekomenduojama v\u0117dinimo \u012frengin\u012f i\u0161jungti, taip j\u012f apsaugant nuo dulki\u0173 ir kit\u0173 nepageidaujam\u0173 objekt\u0173 \u012ftraukimo.<\/li>\n<li>Kei\u010diant filtrus rekomenduojama i\u0161valyti ir filtr\u0173 montavimo sekcij\u0105.<\/li>\n<li>U\u017esiter\u0161\u0119 filtrai i\u0161balansuoja J\u016bs\u0173 v\u0117dinimo sistem\u0105, \u012frenginys naudoja daugiau energijos, skleid\u017eia didesn\u012f triuk\u0161m\u0105!<\/li>\n<\/ul>\n<p>&nbsp;<\/p>\n<p>Informacij\u0105, kaip pakeisti OXYGEN X-Air V200 rekuperatoriaus filtr\u0105 rasite v\u0117dinimo \u012frenginio gamintojo <strong><a href=\"https:\/\/www.filterplace.lt\/download\/OXYGEN-X-Air-V200-V200E-montavimo-vadovas.pdf\">montavimo ir aptarnavimo instrukcijoje<\/a><\/strong>.<\/p>\n<p>&nbsp;<\/p>\n<p><strong>Oro filtro konstrukcija:<\/strong><\/p>\n<ul>\n<li><strong>Filtro r\u0117melis<\/strong> suformuotas i\u0161 impregnuotos, dr\u0117gmei atsparios sintetin\u0117s med\u017eiagos.<\/li>\n<li><strong>Naujo tipo gofravimo principas <\/strong>u\u017etikrina kiek \u012fmanoma ma\u017eesn\u012f pasiprie\u0161inim\u0105 oro srautui ir didel\u012f dulkes sulaikan\u010dios filtruojan\u010dios med\u017eiagos plot\u0105.<\/li>\n<li><strong>Filtruojanti med\u017eiaga<\/strong> visomis keturiomis kra\u0161tin\u0117mis \u012fklijuota \u012f r\u0117mel\u012f, taip u\u017etikrinant, kad dulk\u0117s nepateks \u012f patalp\u0105 per filtro nesandarumus.<\/li>\n<li><strong>Filtruojan\u010dios med\u017eiagos u\u017epildas<\/strong> pagamintas i\u0161 daugiasluoksn\u0117s sintetin\u0117s filtravimo \u017ealiavos, atitinkan\u010dios ISO 16890 ir EN 779:2012 standart\u0173 reikalavimus.<\/li>\n<\/ul>\n","protected":false},"excerpt":{"rendered":"<p>Sulaiko vidutinio dyd\u017eio dulkes &#8211; tinkamiausias kasdienei j\u016bs\u0173 nam\u0173 apsaugai<\/p>\n<p>Matmenys: 294x136x30 mm<\/p>\n","protected":false},"featured_media":6273,"template":"","meta":{"site-sidebar-layout":"default","site-content-layout":"","ast-site-content-layout":"default","site-content-style":"default","site-sidebar-style":"default","ast-global-header-display":"","ast-banner-title-visibility":"","ast-main-header-display":"","ast-hfb-above-header-display":"","ast-hfb-below-header-display":"","ast-hfb-mobile-header-display":"","site-post-title":"","ast-breadcrumbs-content":"","ast-featured-img":"","footer-sml-layout":"","ast-disable-related-posts":"","theme-transparent-header-meta":"","adv-header-id-meta":"","stick-header-meta":"","header-above-stick-meta":"","header-main-stick-meta":"","header-below-stick-meta":"","astra-migrate-meta-layouts":"default","ast-page-background-enabled":"default","ast-page-background-meta":{"desktop":{"background-color":"var(--ast-global-color-4)","background-image":"","background-repeat":"repeat","background-position":"center center","background-size":"auto","background-attachment":"scroll","background-type":"","background-media":"","overlay-type":"","overlay-color":"","overlay-opacity":"","overlay-gradient":""},"tablet":{"background-color":"","background-image":"","background-repeat":"repeat","background-position":"center center","background-size":"auto","background-attachment":"scroll","background-type":"","background-media":"","overlay-type":"","overlay-color":"","overlay-opacity":"","overlay-gradient":""},"mobile":{"background-color":"","background-image":"","background-repeat":"repeat","background-position":"center center","background-size":"auto","background-attachment":"scroll","background-type":"","background-media":"","overlay-type":"","overlay-color":"","overlay-opacity":"","overlay-gradient":""}},"ast-content-background-meta":{"desktop":{"background-color":"var(--ast-global-color-5)","background-image":"","background-repeat":"repeat","background-position":"center center","background-size":"auto","background-attachment":"scroll","background-type":"","background-media":"","overlay-type":"","overlay-color":"","overlay-opacity":"","overlay-gradient":""},"tablet":{"background-color":"var(--ast-global-color-5)","background-image":"","background-repeat":"repeat","background-position":"center center","background-size":"auto","background-attachment":"scroll","background-type":"","background-media":"","overlay-type":"","overlay-color":"","overlay-opacity":"","overlay-gradient":""},"mobile":{"background-color":"var(--ast-global-color-5)","background-image":"","background-repeat":"repeat","background-position":"center center","background-size":"auto","background-attachment":"scroll","background-type":"","background-media":"","overlay-type":"","overlay-color":"","overlay-opacity":"","overlay-gradient":""}}},"product_brand":[],"product_cat":[46],"product_tag":[],"class_list":{"0":"post-6277","1":"product","2":"type-product","3":"status-publish","4":"has-post-thumbnail","6":"product_cat-komfovent-filtru-komplektai","7":"has-subscription-plans","8":"desktop-align-left","9":"tablet-align-left","10":"mobile-align-left","12":"first","13":"instock","14":"shipping-taxable","15":"purchasable","16":"product-type-simple"},"yoast_head":"<!-- This site is optimized with the Yoast SEO plugin v27.2 - https:\/\/yoast.com\/product\/yoast-seo-wordpress\/ -->\n<title>OXYGEN X-Air V200 rekuperatoriaus filtras M5 - kasdien\u0117 apsauga<\/title>\n<meta name=\"description\" content=\"OXYGEN X-Air V200 rekuperatoriaus filtras M5 - kasdienei j\u016bs\u0173 nam\u0173 apsaugai. Sulaiko vidutinio dyd\u017eio dulkes, tinka naudoti bet kuriuo met\u0173 laiku\" \/>\n<meta name=\"robots\" content=\"index, follow, max-snippet:-1, max-image-preview:large, max-video-preview:-1\" \/>\n<link rel=\"canonical\" href=\"https:\/\/filtruprenumerata.lt\/en\/produktas\/oxygen-x-air-v200-rekuperatoriaus-filtras-m5\/\" \/>\n<meta property=\"og:locale\" content=\"en_US\" \/>\n<meta property=\"og:type\" content=\"article\" \/>\n<meta property=\"og:title\" content=\"OXYGEN X-Air V200 rekuperatoriaus filtras M5 - kasdien\u0117 apsauga\" \/>\n<meta property=\"og:description\" content=\"OXYGEN X-Air V200 rekuperatoriaus filtras M5 - kasdienei j\u016bs\u0173 nam\u0173 apsaugai. Sulaiko vidutinio dyd\u017eio dulkes, tinka naudoti bet kuriuo met\u0173 laiku\" \/>\n<meta property=\"og:url\" content=\"https:\/\/filtruprenumerata.lt\/en\/produktas\/oxygen-x-air-v200-rekuperatoriaus-filtras-m5\/\" \/>\n<meta property=\"og:site_name\" content=\"filtruprenumerata.lt\" \/>\n<meta property=\"article:publisher\" content=\"https:\/\/www.facebook.com\/filtruprenumerata\/\" \/>\n<meta property=\"article:modified_time\" content=\"2025-09-13T17:00:03+00:00\" \/>\n<meta property=\"og:image\" content=\"https:\/\/filtruprenumerata.lt\/wp-content\/uploads\/OXYGEN-X-Air-V200-rekuperatorius.jpg\" \/>\n\t<meta property=\"og:image:width\" content=\"349\" \/>\n\t<meta property=\"og:image:height\" content=\"400\" \/>\n\t<meta property=\"og:image:type\" content=\"image\/jpeg\" \/>\n<meta name=\"twitter:card\" content=\"summary_large_image\" \/>\n<meta name=\"twitter:label1\" content=\"Est. reading time\" \/>\n\t<meta name=\"twitter:data1\" content=\"2 minutes\" \/>\n<script type=\"application\/ld+json\" class=\"yoast-schema-graph\">{\"@context\":\"https:\/\/schema.org\",\"@graph\":[{\"@type\":[\"WebPage\",\"ItemPage\"],\"@id\":\"https:\/\/filtruprenumerata.lt\/en\/produktas\/oxygen-x-air-v200-rekuperatoriaus-filtras-m5\/\",\"url\":\"https:\/\/filtruprenumerata.lt\/en\/produktas\/oxygen-x-air-v200-rekuperatoriaus-filtras-m5\/\",\"name\":\"OXYGEN X-Air V200 rekuperatoriaus filtras M5 - kasdien\u0117 apsauga\",\"isPartOf\":{\"@id\":\"https:\/\/filtruprenumerata.lt\/en\/#website\"},\"primaryImageOfPage\":{\"@id\":\"https:\/\/filtruprenumerata.lt\/en\/produktas\/oxygen-x-air-v200-rekuperatoriaus-filtras-m5\/#primaryimage\"},\"image\":{\"@id\":\"https:\/\/filtruprenumerata.lt\/en\/produktas\/oxygen-x-air-v200-rekuperatoriaus-filtras-m5\/#primaryimage\"},\"thumbnailUrl\":\"https:\/\/filtruprenumerata.lt\/wp-content\/uploads\/OXYGEN-X-Air-V200-rekuperatorius.jpg\",\"datePublished\":\"2023-04-03T12:40:10+00:00\",\"dateModified\":\"2025-09-13T17:00:03+00:00\",\"description\":\"OXYGEN X-Air V200 rekuperatoriaus filtras M5 - kasdienei j\u016bs\u0173 nam\u0173 apsaugai. Sulaiko vidutinio dyd\u017eio dulkes, tinka naudoti bet kuriuo met\u0173 laiku\",\"breadcrumb\":{\"@id\":\"https:\/\/filtruprenumerata.lt\/en\/produktas\/oxygen-x-air-v200-rekuperatoriaus-filtras-m5\/#breadcrumb\"},\"inLanguage\":\"en-US\",\"potentialAction\":[{\"@type\":\"ReadAction\",\"target\":[\"https:\/\/filtruprenumerata.lt\/en\/produktas\/oxygen-x-air-v200-rekuperatoriaus-filtras-m5\/\"]}]},{\"@type\":\"ImageObject\",\"inLanguage\":\"en-US\",\"@id\":\"https:\/\/filtruprenumerata.lt\/en\/produktas\/oxygen-x-air-v200-rekuperatoriaus-filtras-m5\/#primaryimage\",\"url\":\"https:\/\/filtruprenumerata.lt\/wp-content\/uploads\/OXYGEN-X-Air-V200-rekuperatorius.jpg\",\"contentUrl\":\"https:\/\/filtruprenumerata.lt\/wp-content\/uploads\/OXYGEN-X-Air-V200-rekuperatorius.jpg\",\"width\":349,\"height\":400,\"caption\":\"OXYGEN X-Air V200 rekuperatorius\"},{\"@type\":\"BreadcrumbList\",\"@id\":\"https:\/\/filtruprenumerata.lt\/en\/produktas\/oxygen-x-air-v200-rekuperatoriaus-filtras-m5\/#breadcrumb\",\"itemListElement\":[{\"@type\":\"ListItem\",\"position\":1,\"name\":\"Home\",\"item\":\"https:\/\/filtruprenumerata.lt\/en\/\"},{\"@type\":\"ListItem\",\"position\":2,\"name\":\"Parduotuv\u0117\",\"item\":\"https:\/\/filtruprenumerata.lt\/parduotuve\/\"},{\"@type\":\"ListItem\",\"position\":3,\"name\":\"OXYGEN X-Air V200 rekuperatoriaus filtras M5\"}]},{\"@type\":\"WebSite\",\"@id\":\"https:\/\/filtruprenumerata.lt\/en\/#website\",\"url\":\"https:\/\/filtruprenumerata.lt\/en\/\",\"name\":\"filtruprenumerata.lt\",\"description\":\"\u0160vie\u017eias oras sveikam gyvenimui\",\"publisher\":{\"@id\":\"https:\/\/filtruprenumerata.lt\/en\/#organization\"},\"potentialAction\":[{\"@type\":\"SearchAction\",\"target\":{\"@type\":\"EntryPoint\",\"urlTemplate\":\"https:\/\/filtruprenumerata.lt\/en\/?s={search_term_string}\"},\"query-input\":{\"@type\":\"PropertyValueSpecification\",\"valueRequired\":true,\"valueName\":\"search_term_string\"}}],\"inLanguage\":\"en-US\"},{\"@type\":\"Organization\",\"@id\":\"https:\/\/filtruprenumerata.lt\/en\/#organization\",\"name\":\"Filterplace, MB\",\"url\":\"https:\/\/filtruprenumerata.lt\/en\/\",\"logo\":{\"@type\":\"ImageObject\",\"inLanguage\":\"en-US\",\"@id\":\"https:\/\/filtruprenumerata.lt\/en\/#\/schema\/logo\/image\/\",\"url\":\"https:\/\/i0.wp.com\/www.filtruprenumerata.lt\/wp-content\/uploads\/FP-black.png?fit=2560%2C2560&ssl=1\",\"contentUrl\":\"https:\/\/i0.wp.com\/www.filtruprenumerata.lt\/wp-content\/uploads\/FP-black.png?fit=2560%2C2560&ssl=1\",\"width\":2560,\"height\":2560,\"caption\":\"Filterplace, MB\"},\"image\":{\"@id\":\"https:\/\/filtruprenumerata.lt\/en\/#\/schema\/logo\/image\/\"},\"sameAs\":[\"https:\/\/www.facebook.com\/filtruprenumerata\/\",\"http:\/\/www.linkedin.com\/company\/filtruprenumerata\"]}]}<\/script>\n<!-- \/ Yoast SEO plugin. -->","yoast_head_json":{"title":"OXYGEN X-Air V200 rekuperatoriaus filtras M5 - kasdien\u0117 apsauga","description":"OXYGEN X-Air V200 rekuperatoriaus filtras M5 - kasdienei j\u016bs\u0173 nam\u0173 apsaugai. Sulaiko vidutinio dyd\u017eio dulkes, tinka naudoti bet kuriuo met\u0173 laiku","robots":{"index":"index","follow":"follow","max-snippet":"max-snippet:-1","max-image-preview":"max-image-preview:large","max-video-preview":"max-video-preview:-1"},"canonical":"https:\/\/filtruprenumerata.lt\/en\/produktas\/oxygen-x-air-v200-rekuperatoriaus-filtras-m5\/","og_locale":"en_US","og_type":"article","og_title":"OXYGEN X-Air V200 rekuperatoriaus filtras M5 - kasdien\u0117 apsauga","og_description":"OXYGEN X-Air V200 rekuperatoriaus filtras M5 - kasdienei j\u016bs\u0173 nam\u0173 apsaugai. Sulaiko vidutinio dyd\u017eio dulkes, tinka naudoti bet kuriuo met\u0173 laiku","og_url":"https:\/\/filtruprenumerata.lt\/en\/produktas\/oxygen-x-air-v200-rekuperatoriaus-filtras-m5\/","og_site_name":"filtruprenumerata.lt","article_publisher":"https:\/\/www.facebook.com\/filtruprenumerata\/","article_modified_time":"2025-09-13T17:00:03+00:00","og_image":[{"width":349,"height":400,"url":"https:\/\/filtruprenumerata.lt\/wp-content\/uploads\/OXYGEN-X-Air-V200-rekuperatorius.jpg","type":"image\/jpeg"}],"twitter_card":"summary_large_image","twitter_misc":{"Est. reading time":"2 minutes"},"schema":{"@context":"https:\/\/schema.org","@graph":[{"@type":["WebPage","ItemPage"],"@id":"https:\/\/filtruprenumerata.lt\/en\/produktas\/oxygen-x-air-v200-rekuperatoriaus-filtras-m5\/","url":"https:\/\/filtruprenumerata.lt\/en\/produktas\/oxygen-x-air-v200-rekuperatoriaus-filtras-m5\/","name":"OXYGEN X-Air V200 rekuperatoriaus filtras M5 - kasdien\u0117 apsauga","isPartOf":{"@id":"https:\/\/filtruprenumerata.lt\/en\/#website"},"primaryImageOfPage":{"@id":"https:\/\/filtruprenumerata.lt\/en\/produktas\/oxygen-x-air-v200-rekuperatoriaus-filtras-m5\/#primaryimage"},"image":{"@id":"https:\/\/filtruprenumerata.lt\/en\/produktas\/oxygen-x-air-v200-rekuperatoriaus-filtras-m5\/#primaryimage"},"thumbnailUrl":"https:\/\/filtruprenumerata.lt\/wp-content\/uploads\/OXYGEN-X-Air-V200-rekuperatorius.jpg","datePublished":"2023-04-03T12:40:10+00:00","dateModified":"2025-09-13T17:00:03+00:00","description":"OXYGEN X-Air V200 rekuperatoriaus filtras M5 - kasdienei j\u016bs\u0173 nam\u0173 apsaugai. Sulaiko vidutinio dyd\u017eio dulkes, tinka naudoti bet kuriuo met\u0173 laiku","breadcrumb":{"@id":"https:\/\/filtruprenumerata.lt\/en\/produktas\/oxygen-x-air-v200-rekuperatoriaus-filtras-m5\/#breadcrumb"},"inLanguage":"en-US","potentialAction":[{"@type":"ReadAction","target":["https:\/\/filtruprenumerata.lt\/en\/produktas\/oxygen-x-air-v200-rekuperatoriaus-filtras-m5\/"]}]},{"@type":"ImageObject","inLanguage":"en-US","@id":"https:\/\/filtruprenumerata.lt\/en\/produktas\/oxygen-x-air-v200-rekuperatoriaus-filtras-m5\/#primaryimage","url":"https:\/\/filtruprenumerata.lt\/wp-content\/uploads\/OXYGEN-X-Air-V200-rekuperatorius.jpg","contentUrl":"https:\/\/filtruprenumerata.lt\/wp-content\/uploads\/OXYGEN-X-Air-V200-rekuperatorius.jpg","width":349,"height":400,"caption":"OXYGEN X-Air V200 rekuperatorius"},{"@type":"BreadcrumbList","@id":"https:\/\/filtruprenumerata.lt\/en\/produktas\/oxygen-x-air-v200-rekuperatoriaus-filtras-m5\/#breadcrumb","itemListElement":[{"@type":"ListItem","position":1,"name":"Home","item":"https:\/\/filtruprenumerata.lt\/en\/"},{"@type":"ListItem","position":2,"name":"Parduotuv\u0117","item":"https:\/\/filtruprenumerata.lt\/parduotuve\/"},{"@type":"ListItem","position":3,"name":"OXYGEN X-Air V200 rekuperatoriaus filtras M5"}]},{"@type":"WebSite","@id":"https:\/\/filtruprenumerata.lt\/en\/#website","url":"https:\/\/filtruprenumerata.lt\/en\/","name":"filtruprenumerata.lt","description":"\u0160vie\u017eias oras sveikam gyvenimui","publisher":{"@id":"https:\/\/filtruprenumerata.lt\/en\/#organization"},"potentialAction":[{"@type":"SearchAction","target":{"@type":"EntryPoint","urlTemplate":"https:\/\/filtruprenumerata.lt\/en\/?s={search_term_string}"},"query-input":{"@type":"PropertyValueSpecification","valueRequired":true,"valueName":"search_term_string"}}],"inLanguage":"en-US"},{"@type":"Organization","@id":"https:\/\/filtruprenumerata.lt\/en\/#organization","name":"Filterplace, MB","url":"https:\/\/filtruprenumerata.lt\/en\/","logo":{"@type":"ImageObject","inLanguage":"en-US","@id":"https:\/\/filtruprenumerata.lt\/en\/#\/schema\/logo\/image\/","url":"https:\/\/i0.wp.com\/www.filtruprenumerata.lt\/wp-content\/uploads\/FP-black.png?fit=2560%2C2560&ssl=1","contentUrl":"https:\/\/i0.wp.com\/www.filtruprenumerata.lt\/wp-content\/uploads\/FP-black.png?fit=2560%2C2560&ssl=1","width":2560,"height":2560,"caption":"Filterplace, MB"},"image":{"@id":"https:\/\/filtruprenumerata.lt\/en\/#\/schema\/logo\/image\/"},"sameAs":["https:\/\/www.facebook.com\/filtruprenumerata\/","http:\/\/www.linkedin.com\/company\/filtruprenumerata"]}]}},"_links":{"self":[{"href":"https:\/\/filtruprenumerata.lt\/en\/wp-json\/wp\/v2\/product\/6277","targetHints":{"allow":["GET"]}}],"collection":[{"href":"https:\/\/filtruprenumerata.lt\/en\/wp-json\/wp\/v2\/product"}],"about":[{"href":"https:\/\/filtruprenumerata.lt\/en\/wp-json\/wp\/v2\/types\/product"}],"wp:featuredmedia":[{"embeddable":true,"href":"https:\/\/filtruprenumerata.lt\/en\/wp-json\/wp\/v2\/media\/6273"}],"wp:attachment":[{"href":"https:\/\/filtruprenumerata.lt\/en\/wp-json\/wp\/v2\/media?parent=6277"}],"wp:term":[{"taxonomy":"product_brand","embeddable":true,"href":"https:\/\/filtruprenumerata.lt\/en\/wp-json\/wp\/v2\/product_brand?post=6277"},{"taxonomy":"product_cat","embeddable":true,"href":"https:\/\/filtruprenumerata.lt\/en\/wp-json\/wp\/v2\/product_cat?post=6277"},{"taxonomy":"product_tag","embeddable":true,"href":"https:\/\/filtruprenumerata.lt\/en\/wp-json\/wp\/v2\/product_tag?post=6277"}],"curies":[{"name":"wp","href":"https:\/\/api.w.org\/{rel}","templated":true}]}}