{"id":8494,"date":"2023-11-24T09:17:34","date_gmt":"2023-11-24T07:17:34","guid":{"rendered":"https:\/terms-and-conditions\/"},"modified":"2023-11-24T09:22:00","modified_gmt":"2023-11-24T07:22:00","slug":"terms-and-conditions","status":"publish","type":"page","link":"https:\/\/filtruprenumerata.lt\/en\/terms-and-conditions\/","title":{"rendered":"Terms and conditions"},"content":{"rendered":"\t\t<div data-elementor-type=\"wp-page\" data-elementor-id=\"8494\" class=\"elementor elementor-8494 elementor-7143\">\n\t\t\t\t\t\t<section class=\"elementor-section elementor-top-section elementor-element elementor-element-3f250aad elementor-section-height-min-height elementor-section-content-bottom elementor-section-items-stretch elementor-section-boxed elementor-section-height-default\" data-id=\"3f250aad\" data-element_type=\"section\" data-e-type=\"section\" data-settings=\"{&quot;background_background&quot;:&quot;classic&quot;}\">\n\t\t\t\t\t\t\t<div class=\"elementor-background-overlay\"><\/div>\n\t\t\t\t\t\t\t<div class=\"elementor-container elementor-column-gap-no\">\n\t\t\t\t\t<div class=\"elementor-column elementor-col-100 elementor-top-column elementor-element elementor-element-6edc371\" data-id=\"6edc371\" data-element_type=\"column\" data-e-type=\"column\">\n\t\t\t<div class=\"elementor-widget-wrap elementor-element-populated\">\n\t\t\t\t\t\t<div class=\"elementor-element elementor-element-49e466c7 elementor-widget elementor-widget-heading\" data-id=\"49e466c7\" data-element_type=\"widget\" data-e-type=\"widget\" data-widget_type=\"heading.default\">\n\t\t\t\t<div class=\"elementor-widget-container\">\n\t\t\t\t\t<h1 class=\"elementor-heading-title elementor-size-default\">Terms and conditions<\/h1>\t\t\t\t<\/div>\n\t\t\t\t<\/div>\n\t\t\t\t<div class=\"elementor-element elementor-element-210950ed elementor-widget elementor-widget-text-editor\" data-id=\"210950ed\" data-element_type=\"widget\" data-e-type=\"widget\" data-widget_type=\"text-editor.default\">\n\t\t\t\t<div class=\"elementor-widget-container\">\n\t\t\t\t\t\t\t\t\t<p>Please read the rules of ordering, delivery, returns and personal data processing<\/p>\n\t\t\t\t\t\t\t\t<\/div>\n\t\t\t\t<\/div>\n\t\t\t\t\t<\/div>\n\t\t<\/div>\n\t\t\t\t\t<\/div>\n\t\t<\/section>\n\t\t\t\t<section class=\"elementor-section elementor-top-section elementor-element elementor-element-fd8398c elementor-section-boxed elementor-section-height-default elementor-section-height-default\" data-id=\"fd8398c\" data-element_type=\"section\" data-e-type=\"section\" data-settings=\"{&quot;background_background&quot;:&quot;classic&quot;}\">\n\t\t\t\t\t\t<div class=\"elementor-container elementor-column-gap-default\">\n\t\t\t\t\t<div class=\"elementor-column elementor-col-100 elementor-top-column elementor-element elementor-element-152db70e\" data-id=\"152db70e\" data-element_type=\"column\" data-e-type=\"column\">\n\t\t\t<div class=\"elementor-widget-wrap elementor-element-populated\">\n\t\t\t\t\t\t<div class=\"elementor-element elementor-element-14340c9c elementor-widget elementor-widget-text-editor\" data-id=\"14340c9c\" data-element_type=\"widget\" data-e-type=\"widget\" data-widget_type=\"text-editor.default\">\n\t\t\t\t<div class=\"elementor-widget-container\">\n\t\t\t\t\t\t\t\t\t<p><span style=\"font-weight: bold;\">The Seller undertakes<\/span><\/p>\n<ul>\n<li>Deliver the goods ordered and paid for by the Buyer using the shipping service of the Buyer&#8217;s choice, to the address specified by the Buyer, or to the post office of the Buyer&#8217;s choice, or to make goods ready for collection no later than within 1 (one) working day.<\/li>\n<\/ul>\n<div> <\/div>\n<p style=\"font-size: 16px; font-style: normal; font-weight: 500;\"><span style=\"background-color: var( --e-global-color-astglobalcolor5 );\"><span style=\"font-weight: bold;\">The Buyer undertakes:<\/span><\/span><\/p>\n<ul>\n<li style=\"font-size: 16px; font-style: normal; font-weight: 500;\"><span style=\"background-color: var( --e-global-color-astglobalcolor5 );\">Provide full and correct contact details for the delivery of the ordered goods and accept the delivery or collect it from the post office of Buyer&#8217;s choice within the time limit set by the chosen delivery provider, upon receiving notification from the parcel service;<\/span><\/li>\n<li style=\"font-size: 16px; font-style: normal; font-weight: 500;\"><span style=\"background-color: var( --e-global-color-astglobalcolor5 );\">Failure to collect the parcel from the post office on time, failure to collect the parcel from the courier, or providing incorrect contact details, which makes the delivery of the goods impossible or difficult, shall be liable to pay the costs incurred by the Seller for the return of the goods and\/or redelivery of the goods.<\/span><\/li>\n<\/ul>\n<div> <\/div>\n<p><b style=\"font-style: inherit; color: var( --e-global-color-secondary );\">Delivery terms:<\/b><\/p>\n<ul>\n<li><span style=\"background-color: var( --e-global-color-astglobalcolor5 );\">Goods will be dispatched to the Buyer no later than 1 (one) working day after receiving the cleared payment;<\/span><\/li>\n<li><span style=\"background-color: var( --e-global-color-astglobalcolor5 ); font-style: inherit; font-weight: inherit; color: var( --e-global-color-secondary );\">The Goods ordered for collection at the Seller&#8217;s office will be prepared for pick-up in no later than 1 (one) working day after receiving the cleared payment. The Goods will be handed over to the Buyer at a mutually convenient pick-up time agreed with the Seller in advance by e-mail or phone call; <\/span><\/li>\n<li style=\"font-size: 16px;\"><span style=\"background-color: var( --e-global-color-astglobalcolor5 );\">Made-to-order products, when such information is provided in the product description, are produced and dispatched within 3-4 weeks.<\/span><\/li>\n<\/ul>\n<div> <\/div>\n<div>\n<p style=\"font-size: 16px; font-style: normal; font-weight: 500;\"><span style=\"background-color: var( --e-global-color-astglobalcolor5 );\"><span style=\"font-weight: bold;\">Periodic (subscription) orders:<\/span><\/span><\/p>\n<\/div>\n<ul>\n<li>Periodic (subscription) orders for goods, the content of which is identical to the first order placed by the Buyer, shall be repeated at the frequency chosen by the Buyer and shall be submitted to the Buyer for payment via the email address provided; <\/li>\n<li><span style=\"background-color: var( --e-global-color-astglobalcolor5 ); color: var( --e-global-color-secondary ); font-style: inherit; font-weight: inherit;\">The Buyer<\/span><span style=\"background-color: var( --e-global-color-astglobalcolor5 ); color: var( --e-global-color-secondary ); font-style: inherit;\"><b>has the right to cancel the subscription any time<\/b><\/span><span style=\"background-color: var( --e-global-color-astglobalcolor5 ); color: var( --e-global-color-secondary ); font-style: inherit; font-weight: inherit;\">by logging into his\/her account on the Website or by submitting a request to the Seller by email or phone call;<\/span><\/li>\n<li style=\"font-size: 16px;\">If the Buyer fails to pay for a periodic (subscription) order for 2 (two) weeks, subscription will terminate with no subsequencies whatsoever. No new recurring orders shall be formed and sent to the Buyer.<\/li>\n<\/ul>\n<div> <\/div>\n<div>\n<p><span style=\"background-color: var( --e-global-color-astglobalcolor5 );\"><b>Returning of goods:<\/b><\/span><\/p>\n<ul>\n<li><span style=\"background-color: var( --e-global-color-astglobalcolor5 );\">Any defects in the goods sold shall be rectified, defective goods shall be replaced and returned in accordance with the Retail Trade Rules approved by Government of the Republic of Lithuania in its Order No.697 of 11 June 2001 <a href=\"https:\/\/www.e-tar.lt\/portal\/legalAct.html?documentId=712337a0164711e4afafe56485a7e49a\">&#8220;Retail Trade Rules&#8221;<\/a>.  <\/span><\/li>\n<li><span style=\"background-color: var( --e-global-color-astglobalcolor5 );\">The Buyer, a natural person, has the right to withdraw from the Sale and Purchase Agreement within 14 (fourteen) days without stating a reason, with the exception of the exceptions provided for in Article 6.228(10)(2) of the Civil Code. The Buyer can only withdraw from the Sale and Purchase Agreement if the goods have not been used, have not been damaged, have not lost their merchantable appearance (labels are intact, protective films have not been torn off, etc. (this does not apply to the return of low-quality goods) and if the appearance of the goods or of the packaging has been altered in a way that is only necessary to enable you to inspect the received goods. The Buyer must use his rights responsibly and return the product in its original packaging in good working order, with all parts of the product intact. In the event of withdrawal, the Buyer shall be liable for any diminution in the value of the goods resulting from actions not necessary to determine the nature, characteristics and performance of the goods.<\/span><\/li>\n<li><span style=\"background-color: var( --e-global-color-astglobalcolor5 );\">The contract withdrawal period expires 14 (fourteen) days after the conclusion of the Purchase-Sale Agreement &#8211; from the day the Buyer or a person specified by the Buyer, excluding the carrier, receives the ordered goods. The goods must be returned to the Seller no later than within 14 (fourteen) days after the notice of contract cancellation has been submitted to the Seller. It is the responsibility of the Buyer to ensure that the goods are properly packed for return shipment. The Buyer bears direct costs of returning the goods.<\/span><\/li>\n<li><span style=\"background-color: var( --e-global-color-astglobalcolor5 );\">Payment for returned goods, excluding the amount paid by the Buyer for delivery and return, will be refunded within 7 (seven) days of receipt of the returned goods. The Payment will be refunded to the Buyer by bank transfer, regardless of the Buyer&#8217;s chosen method of payment for the Goods.<br \/><\/span><\/li>\n<\/ul>\n<div> <\/div>\n<p><span style=\"font-weight: bold;\">Data management:<\/span><span style=\"background-color: var( --e-global-color-astglobalcolor5 );\"><br \/><\/span><\/p>\n<ul>\n<li>The buyer&#8217;s data is processed by MB Filterplace.<\/li>\n<li>By placing an order, the Buyer agrees that his\/her personal data may be shared with UAB &#8220;Montonio finance&#8221;, UAB &#8220;Omniva LT&#8221;, UAB &#8220;DPD Lietuva&#8221;, Packeta Poland Sp. z o.o. in order to ensure the delivery of the ordered goods or the payment for them.<\/li>\n<\/ul>\n<div> <\/div>\n<p><span style=\"font-weight: bold; color: var( --e-global-color-secondary ); background-color: var( --e-global-color-astglobalcolor5 );\">Seller&#8217;s company details:<\/span><\/p>\n<p style=\"font-size: 16px; font-style: normal; font-weight: 500;\">MB \u201eFilterplace\u201d<br \/>Registration ID: 305389754<br \/>VAT code: LT100015623416<br \/>Adress: \u017demai\u010di\u0173 g. 31, 44175 Kaunas <br \/>Acc: LT787300010161090820 \u2013 AB Swedbank<br \/>Acc: LT503500010006938513 \u2013 Paysera<br \/>Phone Nr.: <a style=\"background-color: #ffffff;\" href=\"call:+37069800666\">+370 698 00666<\/a> <br \/>E-mail: <a style=\"background-color: #ffffff;\" href=\"mailto:%20info@filterplace.eu\">info@filterplace.eu<\/a><\/p>\n<\/div>\n\t\t\t\t\t\t\t\t<\/div>\n\t\t\t\t<\/div>\n\t\t\t\t\t<\/div>\n\t\t<\/div>\n\t\t\t\t\t<\/div>\n\t\t<\/section>\n\t\t\t\t<\/div>\n\t\t","protected":false},"excerpt":{"rendered":"<p>Terms and conditions Please read the rules of ordering, delivery, returns and personal data processing The Seller undertakes Deliver the goods ordered and paid for by the Buyer using the shipping service of the Buyer&#8217;s choice, to the address specified by the Buyer, or to the post office of the Buyer&#8217;s choice, or to make [&hellip;]<\/p>\n","protected":false},"author":3,"featured_media":0,"parent":0,"menu_order":0,"comment_status":"closed","ping_status":"closed","template":"","meta":{"site-sidebar-layout":"no-sidebar","site-content-layout":"page-builder","ast-site-content-layout":"default","site-content-style":"default","site-sidebar-style":"default","ast-global-header-display":"","ast-banner-title-visibility":"","ast-main-header-display":"","ast-hfb-above-header-display":"","ast-hfb-below-header-display":"","ast-hfb-mobile-header-display":"","site-post-title":"disabled","ast-breadcrumbs-content":"disabled","ast-featured-img":"disabled","footer-sml-layout":"","ast-disable-related-posts":"","theme-transparent-header-meta":"enabled","adv-header-id-meta":"","stick-header-meta":"","header-above-stick-meta":"","header-main-stick-meta":"","header-below-stick-meta":"","astra-migrate-meta-layouts":"default","ast-page-background-enabled":"default","ast-page-background-meta":{"desktop":{"background-color":"var(--ast-global-color-4)","background-image":"","background-repeat":"repeat","background-position":"center center","background-size":"auto","background-attachment":"scroll","background-type":"","background-media":"","overlay-type":"","overlay-color":"","overlay-opacity":"","overlay-gradient":""},"tablet":{"background-color":"","background-image":"","background-repeat":"repeat","background-position":"center center","background-size":"auto","background-attachment":"scroll","background-type":"","background-media":"","overlay-type":"","overlay-color":"","overlay-opacity":"","overlay-gradient":""},"mobile":{"background-color":"","background-image":"","background-repeat":"repeat","background-position":"center center","background-size":"auto","background-attachment":"scroll","background-type":"","background-media":"","overlay-type":"","overlay-color":"","overlay-opacity":"","overlay-gradient":""}},"ast-content-background-meta":{"desktop":{"background-color":"var(--ast-global-color-5)","background-image":"","background-repeat":"repeat","background-position":"center center","background-size":"auto","background-attachment":"scroll","background-type":"","background-media":"","overlay-type":"","overlay-color":"","overlay-opacity":"","overlay-gradient":""},"tablet":{"background-color":"var(--ast-global-color-5)","background-image":"","background-repeat":"repeat","background-position":"center center","background-size":"auto","background-attachment":"scroll","background-type":"","background-media":"","overlay-type":"","overlay-color":"","overlay-opacity":"","overlay-gradient":""},"mobile":{"background-color":"var(--ast-global-color-5)","background-image":"","background-repeat":"repeat","background-position":"center center","background-size":"auto","background-attachment":"scroll","background-type":"","background-media":"","overlay-type":"","overlay-color":"","overlay-opacity":"","overlay-gradient":""}},"footnotes":""},"class_list":["post-8494","page","type-page","status-publish","hentry"],"yoast_head":"<!-- This site is optimized with the Yoast SEO plugin v27.2 - https:\/\/yoast.com\/product\/yoast-seo-wordpress\/ -->\n<title>Terms and conditions - filtruprenumerata.lt<\/title>\n<meta name=\"robots\" content=\"index, follow, max-snippet:-1, max-image-preview:large, max-video-preview:-1\" \/>\n<link rel=\"canonical\" href=\"https:\/\/filtruprenumerata.lt\/en\/terms-and-conditions\/\" \/>\n<meta property=\"og:locale\" content=\"en_US\" \/>\n<meta property=\"og:type\" content=\"article\" \/>\n<meta property=\"og:title\" content=\"Terms and conditions - filtruprenumerata.lt\" \/>\n<meta property=\"og:description\" content=\"Terms and conditions Please read the rules of ordering, delivery, returns and personal data processing The Seller undertakes Deliver the goods ordered and paid for by the Buyer using the shipping service of the Buyer&#8217;s choice, to the address specified by the Buyer, or to the post office of the Buyer&#8217;s choice, or to make [&hellip;]\" \/>\n<meta property=\"og:url\" content=\"https:\/\/filtruprenumerata.lt\/en\/terms-and-conditions\/\" \/>\n<meta property=\"og:site_name\" content=\"filtruprenumerata.lt\" \/>\n<meta property=\"article:publisher\" content=\"https:\/\/www.facebook.com\/filtruprenumerata\/\" \/>\n<meta property=\"article:modified_time\" content=\"2023-11-24T07:22:00+00:00\" \/>\n<meta name=\"twitter:card\" content=\"summary_large_image\" \/>\n<meta name=\"twitter:label1\" content=\"Est. reading time\" \/>\n\t<meta name=\"twitter:data1\" content=\"4 minutes\" \/>\n<script type=\"application\/ld+json\" class=\"yoast-schema-graph\">{\"@context\":\"https:\/\/schema.org\",\"@graph\":[{\"@type\":\"WebPage\",\"@id\":\"https:\/\/filtruprenumerata.lt\/en\/terms-and-conditions\/\",\"url\":\"https:\/\/filtruprenumerata.lt\/en\/terms-and-conditions\/\",\"name\":\"Terms and conditions - filtruprenumerata.lt\",\"isPartOf\":{\"@id\":\"https:\/\/filtruprenumerata.lt\/en\/#website\"},\"datePublished\":\"2023-11-24T07:17:34+00:00\",\"dateModified\":\"2023-11-24T07:22:00+00:00\",\"breadcrumb\":{\"@id\":\"https:\/\/filtruprenumerata.lt\/en\/terms-and-conditions\/#breadcrumb\"},\"inLanguage\":\"en-US\",\"potentialAction\":[{\"@type\":\"ReadAction\",\"target\":[\"https:\/\/filtruprenumerata.lt\/en\/terms-and-conditions\/\"]}]},{\"@type\":\"BreadcrumbList\",\"@id\":\"https:\/\/filtruprenumerata.lt\/en\/terms-and-conditions\/#breadcrumb\",\"itemListElement\":[{\"@type\":\"ListItem\",\"position\":1,\"name\":\"Home\",\"item\":\"https:\/\/filtruprenumerata.lt\/en\/\"},{\"@type\":\"ListItem\",\"position\":2,\"name\":\"Terms and conditions\"}]},{\"@type\":\"WebSite\",\"@id\":\"https:\/\/filtruprenumerata.lt\/en\/#website\",\"url\":\"https:\/\/filtruprenumerata.lt\/en\/\",\"name\":\"filtruprenumerata.lt\",\"description\":\"\u0160vie\u017eias oras sveikam gyvenimui\",\"publisher\":{\"@id\":\"https:\/\/filtruprenumerata.lt\/en\/#organization\"},\"potentialAction\":[{\"@type\":\"SearchAction\",\"target\":{\"@type\":\"EntryPoint\",\"urlTemplate\":\"https:\/\/filtruprenumerata.lt\/en\/?s={search_term_string}\"},\"query-input\":{\"@type\":\"PropertyValueSpecification\",\"valueRequired\":true,\"valueName\":\"search_term_string\"}}],\"inLanguage\":\"en-US\"},{\"@type\":\"Organization\",\"@id\":\"https:\/\/filtruprenumerata.lt\/en\/#organization\",\"name\":\"Filterplace, MB\",\"url\":\"https:\/\/filtruprenumerata.lt\/en\/\",\"logo\":{\"@type\":\"ImageObject\",\"inLanguage\":\"en-US\",\"@id\":\"https:\/\/filtruprenumerata.lt\/en\/#\/schema\/logo\/image\/\",\"url\":\"https:\/\/i0.wp.com\/www.filtruprenumerata.lt\/wp-content\/uploads\/FP-black.png?fit=2560%2C2560&ssl=1\",\"contentUrl\":\"https:\/\/i0.wp.com\/www.filtruprenumerata.lt\/wp-content\/uploads\/FP-black.png?fit=2560%2C2560&ssl=1\",\"width\":2560,\"height\":2560,\"caption\":\"Filterplace, MB\"},\"image\":{\"@id\":\"https:\/\/filtruprenumerata.lt\/en\/#\/schema\/logo\/image\/\"},\"sameAs\":[\"https:\/\/www.facebook.com\/filtruprenumerata\/\",\"http:\/\/www.linkedin.com\/company\/filtruprenumerata\"]}]}<\/script>\n<!-- \/ Yoast SEO plugin. -->","yoast_head_json":{"title":"Terms and conditions - filtruprenumerata.lt","robots":{"index":"index","follow":"follow","max-snippet":"max-snippet:-1","max-image-preview":"max-image-preview:large","max-video-preview":"max-video-preview:-1"},"canonical":"https:\/\/filtruprenumerata.lt\/en\/terms-and-conditions\/","og_locale":"en_US","og_type":"article","og_title":"Terms and conditions - filtruprenumerata.lt","og_description":"Terms and conditions Please read the rules of ordering, delivery, returns and personal data processing The Seller undertakes Deliver the goods ordered and paid for by the Buyer using the shipping service of the Buyer&#8217;s choice, to the address specified by the Buyer, or to the post office of the Buyer&#8217;s choice, or to make [&hellip;]","og_url":"https:\/\/filtruprenumerata.lt\/en\/terms-and-conditions\/","og_site_name":"filtruprenumerata.lt","article_publisher":"https:\/\/www.facebook.com\/filtruprenumerata\/","article_modified_time":"2023-11-24T07:22:00+00:00","twitter_card":"summary_large_image","twitter_misc":{"Est. reading time":"4 minutes"},"schema":{"@context":"https:\/\/schema.org","@graph":[{"@type":"WebPage","@id":"https:\/\/filtruprenumerata.lt\/en\/terms-and-conditions\/","url":"https:\/\/filtruprenumerata.lt\/en\/terms-and-conditions\/","name":"Terms and conditions - filtruprenumerata.lt","isPartOf":{"@id":"https:\/\/filtruprenumerata.lt\/en\/#website"},"datePublished":"2023-11-24T07:17:34+00:00","dateModified":"2023-11-24T07:22:00+00:00","breadcrumb":{"@id":"https:\/\/filtruprenumerata.lt\/en\/terms-and-conditions\/#breadcrumb"},"inLanguage":"en-US","potentialAction":[{"@type":"ReadAction","target":["https:\/\/filtruprenumerata.lt\/en\/terms-and-conditions\/"]}]},{"@type":"BreadcrumbList","@id":"https:\/\/filtruprenumerata.lt\/en\/terms-and-conditions\/#breadcrumb","itemListElement":[{"@type":"ListItem","position":1,"name":"Home","item":"https:\/\/filtruprenumerata.lt\/en\/"},{"@type":"ListItem","position":2,"name":"Terms and conditions"}]},{"@type":"WebSite","@id":"https:\/\/filtruprenumerata.lt\/en\/#website","url":"https:\/\/filtruprenumerata.lt\/en\/","name":"filtruprenumerata.lt","description":"\u0160vie\u017eias oras sveikam gyvenimui","publisher":{"@id":"https:\/\/filtruprenumerata.lt\/en\/#organization"},"potentialAction":[{"@type":"SearchAction","target":{"@type":"EntryPoint","urlTemplate":"https:\/\/filtruprenumerata.lt\/en\/?s={search_term_string}"},"query-input":{"@type":"PropertyValueSpecification","valueRequired":true,"valueName":"search_term_string"}}],"inLanguage":"en-US"},{"@type":"Organization","@id":"https:\/\/filtruprenumerata.lt\/en\/#organization","name":"Filterplace, MB","url":"https:\/\/filtruprenumerata.lt\/en\/","logo":{"@type":"ImageObject","inLanguage":"en-US","@id":"https:\/\/filtruprenumerata.lt\/en\/#\/schema\/logo\/image\/","url":"https:\/\/i0.wp.com\/www.filtruprenumerata.lt\/wp-content\/uploads\/FP-black.png?fit=2560%2C2560&ssl=1","contentUrl":"https:\/\/i0.wp.com\/www.filtruprenumerata.lt\/wp-content\/uploads\/FP-black.png?fit=2560%2C2560&ssl=1","width":2560,"height":2560,"caption":"Filterplace, MB"},"image":{"@id":"https:\/\/filtruprenumerata.lt\/en\/#\/schema\/logo\/image\/"},"sameAs":["https:\/\/www.facebook.com\/filtruprenumerata\/","http:\/\/www.linkedin.com\/company\/filtruprenumerata"]}]}},"_links":{"self":[{"href":"https:\/\/filtruprenumerata.lt\/en\/wp-json\/wp\/v2\/pages\/8494","targetHints":{"allow":["GET"]}}],"collection":[{"href":"https:\/\/filtruprenumerata.lt\/en\/wp-json\/wp\/v2\/pages"}],"about":[{"href":"https:\/\/filtruprenumerata.lt\/en\/wp-json\/wp\/v2\/types\/page"}],"author":[{"embeddable":true,"href":"https:\/\/filtruprenumerata.lt\/en\/wp-json\/wp\/v2\/users\/3"}],"replies":[{"embeddable":true,"href":"https:\/\/filtruprenumerata.lt\/en\/wp-json\/wp\/v2\/comments?post=8494"}],"version-history":[{"count":0,"href":"https:\/\/filtruprenumerata.lt\/en\/wp-json\/wp\/v2\/pages\/8494\/revisions"}],"wp:attachment":[{"href":"https:\/\/filtruprenumerata.lt\/en\/wp-json\/wp\/v2\/media?parent=8494"}],"curies":[{"name":"wp","href":"https:\/\/api.w.org\/{rel}","templated":true}]}}